{"id":1743,"date":"2017-06-28T20:11:40","date_gmt":"2017-06-28T22:41:40","guid":{"rendered":"http:\/\/master.leasing.dlcserver.com\/fr\/?page_id=1743"},"modified":"2017-06-28T20:12:19","modified_gmt":"2017-06-28T22:42:19","slug":"ce-que-nous-louons","status":"publish","type":"page","link":"http:\/\/master.leasing.dlcserver.com\/fr\/ce-que-nous-louons\/","title":{"rendered":"Ce que nous louons"},"content":{"rendered":"<p>Votre <strong> Alberta Lease Agent <\/strong> vous aidera \u00e0 financer l&rsquo;industrie p\u00e9troli\u00e8re, l&rsquo;\u00e9quipement commercial, le bail commercial, le mobilier de bureau, les chaises, les salles de r\u00e9union, les syst\u00e8mes et \u00e9quipements audio-visuels, la climatisation, l&rsquo;\u00e9quipement agricole et m\u00eame la location de la ferme \u00e9quipement. Les meubles de bureau peuvent prendre plus de 12 ans pour se d\u00e9pr\u00e9cier &#8211; utiliser le cr\u00e9dit-bail pour r\u00e9duire les revenus en 3 \u00e0 5 ans. Pour savoir comment louer un v\u00e9hicule ou une pi\u00e8ce d&rsquo;\u00e9quipement, contactez une <strong> compagnie de cr\u00e9dit-bail professionnelle \u00e0 Red Deer <\/strong> aujourd&rsquo;hui!<\/p>\n<h2> Technologie <\/h2>\n<p>100% Logiciels, mat\u00e9riel, syst\u00e8mes t\u00e9l\u00e9phoniques, VoIP et \u00e9quipements et technologies de r\u00e9seaux de donn\u00e9es. Laissez les technologies se payer pour eux-m\u00eames gr\u00e2ce aux gains d&rsquo;efficacit\u00e9, aux \u00e9conomies de co\u00fbts et aux co\u00fbts r\u00e9duits qu&rsquo;ils apportent.<\/p>\n<h2> Industriel <\/h2>\n<p>L&rsquo;\u00e9quipement lourd Leasing est ce que nous faisons le mieux dans votre Alberta Leasing Centre. Nous fournissons \u00e9galement des services de financement pour le fer, le chariot \u00e9l\u00e9vateur, l&rsquo;usinage industriel, l&rsquo;\u00e9quipement de travail du m\u00e9tal et du bois, les racks, les \u00e9quipements d&rsquo;entrep\u00f4t, les \u00e9quipements et technologies de fabrication, les pompes, l&rsquo;\u00e9lectronique et l&rsquo;\u00e9clairage industriel.<\/p>\n<h2> Transport <\/h2>\n<p>Vous cherchez \u00e0 <strong> remorques de tracteurs \u00e0 Calgary <\/ strong> Alberta? Votre centre de financement Red Deer peut vous aider avec d&rsquo;autres <strong> \u00e9quipements commerciaux <\/ strong> t comme camions vacants, camions pumper, camions-citernes, camions-grues, toutes les remorques, \u00e9quipements connexes, add-ons et syst\u00e8me GPS -les technologies. Donc, pour louer une remorque tracteur \u00e0 Red Deer ou tout autre \u00e9quipement pour votre entreprise ou votre ferme, Jess Chinnery serait votre professionnel de la location exp\u00e9riment\u00e9 \u00e0 Red Deer Alberta.<\/p>\n<h2> Agriculture <\/h2>\n<p>Vous recherchez un \u00e9quipement agricole de location? Vos <strong> Red Deer Leasing Professionals <\/ strong> ont des plans de paiement mensuels, semestriels et autres pour tous les types d&rsquo;\u00e9quipements agricoles, tracteurs, transport, mat\u00e9riel laitier, \u00e9quipement de r\u00e9colte, bacs \u00e0 grains, automatisation de la ferme et technologie.<\/p>\n","protected":false},"excerpt":{"rendered":"<p>Votre Alberta Lease Agent vous aidera \u00e0 financer l&rsquo;industrie p\u00e9troli\u00e8re, l&rsquo;\u00e9quipement commercial, le bail commercial, le mobilier de bureau, les chaises, les salles de r\u00e9union, les syst\u00e8mes et \u00e9quipements audio-visuels, la climatisation, l&rsquo;\u00e9quipement agricole et m\u00eame la location de la ferme \u00e9quipement. Les meubles de bureau peuvent prendre plus de 12 ans pour se d\u00e9pr\u00e9cier [&hellip;]<\/p>\n","protected":false},"author":1,"featured_media":1804,"parent":0,"menu_order":0,"comment_status":"closed","ping_status":"closed","template":"","meta":[],"yoast_head":"<!-- This site is optimized with the Yoast SEO plugin v17.1 - https:\/\/yoast.com\/wordpress\/plugins\/seo\/ -->\n<meta name=\"robots\" content=\"index, follow, max-snippet:-1, max-image-preview:large, max-video-preview:-1\" \/>\n<link rel=\"canonical\" href=\"http:\/\/master.leasing.dlcserver.com\/fr\/ce-que-nous-louons\/\" \/>\n<meta property=\"og:locale\" content=\"fr_FR\" \/>\n<meta property=\"og:type\" content=\"article\" \/>\n<meta property=\"og:title\" content=\"Ce que nous louons - Dominion Lending Centres\" \/>\n<meta property=\"og:description\" content=\"Votre Alberta Lease Agent vous aidera \u00e0 financer l&rsquo;industrie p\u00e9troli\u00e8re, l&rsquo;\u00e9quipement commercial, le bail commercial, le mobilier de bureau, les chaises, les salles de r\u00e9union, les syst\u00e8mes et \u00e9quipements audio-visuels, la climatisation, l&rsquo;\u00e9quipement agricole et m\u00eame la location de la ferme \u00e9quipement. Les meubles de bureau peuvent prendre plus de 12 ans pour se d\u00e9pr\u00e9cier [&hellip;]\" \/>\n<meta property=\"og:url\" content=\"http:\/\/master.leasing.dlcserver.com\/fr\/ce-que-nous-louons\/\" \/>\n<meta property=\"og:site_name\" content=\"Dominion Lending Centres\" \/>\n<meta property=\"article:modified_time\" content=\"2017-06-28T22:42:19+00:00\" \/>\n<meta property=\"og:image\" content=\"https:\/\/master.leasing.dlcserver.com\/wp-content\/uploads\/2017\/06\/leasing-banner.jpg\" \/>\n\t<meta property=\"og:image:width\" content=\"2000\" \/>\n\t<meta property=\"og:image:height\" content=\"277\" \/>\n<meta name=\"twitter:card\" content=\"summary\" \/>\n<meta name=\"twitter:label1\" content=\"Dur\u00e9e de lecture est.\" \/>\n\t<meta name=\"twitter:data1\" content=\"2 minutes\" \/>\n<script type=\"application\/ld+json\" class=\"yoast-schema-graph\">{\"@context\":\"https:\/\/schema.org\",\"@graph\":[{\"@type\":\"Organization\",\"@id\":\"http:\/\/master.leasing.dlcserver.com\/#organization\",\"name\":\"Centres Hypoth\\u00e9caires Dominion\",\"url\":\"http:\/\/master.leasing.dlcserver.com\/\",\"sameAs\":[],\"logo\":{\"@type\":\"ImageObject\",\"@id\":\"http:\/\/master.leasing.dlcserver.com\/#logo\",\"inLanguage\":\"fr-FR\",\"url\":\"http:\/\/master.leasing.dlcserver.com\/wp-content\/uploads\/2017\/01\/vector_DLC1.jpg\",\"contentUrl\":\"http:\/\/master.leasing.dlcserver.com\/wp-content\/uploads\/2017\/01\/vector_DLC1.jpg\",\"width\":369,\"height\":173,\"caption\":\"Centres Hypoth\\u00e9caires Dominion\"},\"image\":{\"@id\":\"http:\/\/master.leasing.dlcserver.com\/#logo\"}},{\"@type\":\"WebSite\",\"@id\":\"http:\/\/master.leasing.dlcserver.com\/#website\",\"url\":\"http:\/\/master.leasing.dlcserver.com\/\",\"name\":\"Dominion Lending Centres\",\"description\":\"Broker Website\",\"publisher\":{\"@id\":\"http:\/\/master.leasing.dlcserver.com\/#organization\"},\"potentialAction\":[{\"@type\":\"SearchAction\",\"target\":{\"@type\":\"EntryPoint\",\"urlTemplate\":\"http:\/\/master.leasing.dlcserver.com\/?s={search_term_string}\"},\"query-input\":\"required name=search_term_string\"}],\"inLanguage\":\"fr-FR\"},{\"@type\":\"ImageObject\",\"@id\":\"http:\/\/master.leasing.dlcserver.com\/fr\/ce-que-nous-louons\/#primaryimage\",\"inLanguage\":\"fr-FR\",\"url\":\"http:\/\/master.leasing.dlcserver.com\/wp-content\/uploads\/2017\/06\/leasing-banner.jpg\",\"contentUrl\":\"http:\/\/master.leasing.dlcserver.com\/wp-content\/uploads\/2017\/06\/leasing-banner.jpg\",\"width\":2000,\"height\":277},{\"@type\":\"WebPage\",\"@id\":\"http:\/\/master.leasing.dlcserver.com\/fr\/ce-que-nous-louons\/#webpage\",\"url\":\"http:\/\/master.leasing.dlcserver.com\/fr\/ce-que-nous-louons\/\",\"name\":\"Ce que nous louons - Dominion Lending Centres\",\"isPartOf\":{\"@id\":\"http:\/\/master.leasing.dlcserver.com\/#website\"},\"primaryImageOfPage\":{\"@id\":\"http:\/\/master.leasing.dlcserver.com\/fr\/ce-que-nous-louons\/#primaryimage\"},\"datePublished\":\"2017-06-28T22:41:40+00:00\",\"dateModified\":\"2017-06-28T22:42:19+00:00\",\"breadcrumb\":{\"@id\":\"http:\/\/master.leasing.dlcserver.com\/fr\/ce-que-nous-louons\/#breadcrumb\"},\"inLanguage\":\"fr-FR\",\"potentialAction\":[{\"@type\":\"ReadAction\",\"target\":[\"http:\/\/master.leasing.dlcserver.com\/fr\/ce-que-nous-louons\/\"]}]},{\"@type\":\"BreadcrumbList\",\"@id\":\"http:\/\/master.leasing.dlcserver.com\/fr\/ce-que-nous-louons\/#breadcrumb\",\"itemListElement\":[{\"@type\":\"ListItem\",\"position\":1,\"name\":\"Home\",\"item\":\"http:\/\/master.leasing.dlcserver.com\/fr\/\"},{\"@type\":\"ListItem\",\"position\":2,\"name\":\"Ce que nous louons\"}]}]}<\/script>\n<!-- \/ Yoast SEO plugin. -->","yoast_head_json":{"robots":{"index":"index","follow":"follow","max-snippet":"max-snippet:-1","max-image-preview":"max-image-preview:large","max-video-preview":"max-video-preview:-1"},"canonical":"http:\/\/master.leasing.dlcserver.com\/fr\/ce-que-nous-louons\/","og_locale":"fr_FR","og_type":"article","og_title":"Ce que nous louons - Dominion Lending Centres","og_description":"Votre Alberta Lease Agent vous aidera \u00e0 financer l&rsquo;industrie p\u00e9troli\u00e8re, l&rsquo;\u00e9quipement commercial, le bail commercial, le mobilier de bureau, les chaises, les salles de r\u00e9union, les syst\u00e8mes et \u00e9quipements audio-visuels, la climatisation, l&rsquo;\u00e9quipement agricole et m\u00eame la location de la ferme \u00e9quipement. Les meubles de bureau peuvent prendre plus de 12 ans pour se d\u00e9pr\u00e9cier [&hellip;]","og_url":"http:\/\/master.leasing.dlcserver.com\/fr\/ce-que-nous-louons\/","og_site_name":"Dominion Lending Centres","article_modified_time":"2017-06-28T22:42:19+00:00","og_image":[{"width":2000,"height":277,"url":"https:\/\/master.leasing.dlcserver.com\/wp-content\/uploads\/2017\/06\/leasing-banner.jpg","path":"\/var\/www\/sites\/wps\/sites\/code\/wp-content\/uploads\/2017\/06\/leasing-banner.jpg","size":"full","id":1804,"alt":"","pixels":554000,"type":"image\/jpeg"}],"twitter_card":"summary","twitter_misc":{"Dur\u00e9e de lecture est.":"2 minutes"},"schema":{"@context":"https:\/\/schema.org","@graph":[{"@type":"Organization","@id":"http:\/\/master.leasing.dlcserver.com\/#organization","name":"Centres Hypoth\u00e9caires Dominion","url":"http:\/\/master.leasing.dlcserver.com\/","sameAs":[],"logo":{"@type":"ImageObject","@id":"http:\/\/master.leasing.dlcserver.com\/#logo","inLanguage":"fr-FR","url":"http:\/\/master.leasing.dlcserver.com\/wp-content\/uploads\/2017\/01\/vector_DLC1.jpg","contentUrl":"http:\/\/master.leasing.dlcserver.com\/wp-content\/uploads\/2017\/01\/vector_DLC1.jpg","width":369,"height":173,"caption":"Centres Hypoth\u00e9caires Dominion"},"image":{"@id":"http:\/\/master.leasing.dlcserver.com\/#logo"}},{"@type":"WebSite","@id":"http:\/\/master.leasing.dlcserver.com\/#website","url":"http:\/\/master.leasing.dlcserver.com\/","name":"Dominion Lending Centres","description":"Broker Website","publisher":{"@id":"http:\/\/master.leasing.dlcserver.com\/#organization"},"potentialAction":[{"@type":"SearchAction","target":{"@type":"EntryPoint","urlTemplate":"http:\/\/master.leasing.dlcserver.com\/?s={search_term_string}"},"query-input":"required name=search_term_string"}],"inLanguage":"fr-FR"},{"@type":"ImageObject","@id":"http:\/\/master.leasing.dlcserver.com\/fr\/ce-que-nous-louons\/#primaryimage","inLanguage":"fr-FR","url":"http:\/\/master.leasing.dlcserver.com\/wp-content\/uploads\/2017\/06\/leasing-banner.jpg","contentUrl":"http:\/\/master.leasing.dlcserver.com\/wp-content\/uploads\/2017\/06\/leasing-banner.jpg","width":2000,"height":277},{"@type":"WebPage","@id":"http:\/\/master.leasing.dlcserver.com\/fr\/ce-que-nous-louons\/#webpage","url":"http:\/\/master.leasing.dlcserver.com\/fr\/ce-que-nous-louons\/","name":"Ce que nous louons - Dominion Lending Centres","isPartOf":{"@id":"http:\/\/master.leasing.dlcserver.com\/#website"},"primaryImageOfPage":{"@id":"http:\/\/master.leasing.dlcserver.com\/fr\/ce-que-nous-louons\/#primaryimage"},"datePublished":"2017-06-28T22:41:40+00:00","dateModified":"2017-06-28T22:42:19+00:00","breadcrumb":{"@id":"http:\/\/master.leasing.dlcserver.com\/fr\/ce-que-nous-louons\/#breadcrumb"},"inLanguage":"fr-FR","potentialAction":[{"@type":"ReadAction","target":["http:\/\/master.leasing.dlcserver.com\/fr\/ce-que-nous-louons\/"]}]},{"@type":"BreadcrumbList","@id":"http:\/\/master.leasing.dlcserver.com\/fr\/ce-que-nous-louons\/#breadcrumb","itemListElement":[{"@type":"ListItem","position":1,"name":"Home","item":"http:\/\/master.leasing.dlcserver.com\/fr\/"},{"@type":"ListItem","position":2,"name":"Ce que nous louons"}]}]}},"_links":{"self":[{"href":"http:\/\/master.leasing.dlcserver.com\/fr\/wp-json\/wp\/v2\/pages\/1743"}],"collection":[{"href":"http:\/\/master.leasing.dlcserver.com\/fr\/wp-json\/wp\/v2\/pages"}],"about":[{"href":"http:\/\/master.leasing.dlcserver.com\/fr\/wp-json\/wp\/v2\/types\/page"}],"author":[{"embeddable":true,"href":"http:\/\/master.leasing.dlcserver.com\/fr\/wp-json\/wp\/v2\/users\/1"}],"replies":[{"embeddable":true,"href":"http:\/\/master.leasing.dlcserver.com\/fr\/wp-json\/wp\/v2\/comments?post=1743"}],"version-history":[{"count":1,"href":"http:\/\/master.leasing.dlcserver.com\/fr\/wp-json\/wp\/v2\/pages\/1743\/revisions"}],"predecessor-version":[{"id":1744,"href":"http:\/\/master.leasing.dlcserver.com\/fr\/wp-json\/wp\/v2\/pages\/1743\/revisions\/1744"}],"wp:featuredmedia":[{"embeddable":true,"href":"http:\/\/master.leasing.dlcserver.com\/fr\/wp-json\/wp\/v2\/media\/1804"}],"wp:attachment":[{"href":"http:\/\/master.leasing.dlcserver.com\/fr\/wp-json\/wp\/v2\/media?parent=1743"}],"curies":[{"name":"wp","href":"https:\/\/api.w.org\/{rel}","templated":true}]}}