{"id":1745,"date":"2017-06-28T20:13:22","date_gmt":"2017-06-28T22:43:22","guid":{"rendered":"http:\/\/master.leasing.dlcserver.com\/fr\/?page_id=1745"},"modified":"2017-06-28T20:15:21","modified_gmt":"2017-06-28T22:45:21","slug":"utilisation-dun-professionnel-du-credit-bail","status":"publish","type":"page","link":"http:\/\/master.leasing.dlcserver.com\/fr\/utilisation-dun-professionnel-du-credit-bail\/","title":{"rendered":"Utilisation d&rsquo;un professionnel du cr\u00e9dit-bail"},"content":{"rendered":"<p>Un <strong>professionnel de la location Red Deer<\/strong> peut vous aider \u00e0 d\u00e9couvrir de multiples fa\u00e7ons de structurer le financement de location de nouveaux \u00e9quipements, de vendre un bail pour extraire le capital des actifs existants ou de r\u00e9soudre d&rsquo;autres opportunit\u00e9s d&rsquo;acquisition d&rsquo;\u00e9quipement. Beaucoup de nos <strong> professionnels de cr\u00e9dit-bail commercial de Red Deer <\/strong> sont \u00e9galement des courtiers hypoth\u00e9caires qui peuvent utiliser des produits de cr\u00e9dit-bail hypoth\u00e9caires et immobiliers commerciaux ou r\u00e9sidentiels seuls ou en combinaison avec un financement de location pour vous aider \u00e0 obtenir la meilleure solution pour l&rsquo;\u00e9quipement acquisition.<\/p>\n<h2> Avantages de la location de mat\u00e9riel Red Deer <\/h2>\n<p>En tant qu&rsquo;organisme de franchise avec la propri\u00e9t\u00e9 locale de nos emplacements frontaliers, vous obtenez une pr\u00e9sence engag\u00e9e aupr\u00e8s d&rsquo;une \u00e9quipe qui comprend votre march\u00e9, est dans votre fuseau horaire et poss\u00e8de une participation et une connaissance de la communaut\u00e9. Notre bureau de cr\u00e9dit national offre les meilleurs outils, le centre de souscription et l&rsquo;efficacit\u00e9 dans le secteur du cr\u00e9dit-bail aujourd&rsquo;hui.<\/p>\n<p>Avec les principales ressources de financement, nous offrons la meilleure opportunit\u00e9 pour les approbations avec les paiements mensuels les plus bas.<\/p>\n<p>Pourquoi compter sur une seule ou deux sources de location lorsque vous pouvez avoir plus de 30 sources sp\u00e9ciales de financement de bail dans Red Deer, en Alberta, ainsi que partout au Canada et aux \u00c9tats-Unis.<\/p>\n<p>Cr\u00e9ative et flexible, la location de mat\u00e9riel Red Deer peut diviser les transactions en dollars importants en plusieurs contrats de location \u00e0 travers un certain nombre de bailleurs de fonds pour faciliter et simplifier le processus d&rsquo;approbation.<\/p>\n<p>Les limites d&rsquo;exposition ne sont pas un probl\u00e8me car nous d\u00e9plorons simplement le locataire \u00e0 des ressources de financement suppl\u00e9mentaires lorsque les limites d&rsquo;exposition sont impos\u00e9es par chaque source de financement.<\/p>\n<p>Votre <forte> Compagnie de cr\u00e9dit-bail \u00e0 Red Deer <\/strong> fournira une large gamme de programmes de location de mat\u00e9riel automobile et commercial qui augmentent consid\u00e9rablement nos capacit\u00e9s pour r\u00e9soudre les d\u00e9fis d&rsquo;acquisition d&rsquo;\u00e9quipement les plus difficiles.<\/p>\n","protected":false},"excerpt":{"rendered":"<p>Un professionnel de la location Red Deer peut vous aider \u00e0 d\u00e9couvrir de multiples fa\u00e7ons de structurer le financement de location de nouveaux \u00e9quipements, de vendre un bail pour extraire le capital des actifs existants ou de r\u00e9soudre d&rsquo;autres opportunit\u00e9s d&rsquo;acquisition d&rsquo;\u00e9quipement. Beaucoup de nos professionnels de cr\u00e9dit-bail commercial de Red Deer sont \u00e9galement des [&hellip;]<\/p>\n","protected":false},"author":1,"featured_media":1804,"parent":0,"menu_order":0,"comment_status":"closed","ping_status":"closed","template":"","meta":[],"yoast_head":"<!-- This site is optimized with the Yoast SEO plugin v17.1 - https:\/\/yoast.com\/wordpress\/plugins\/seo\/ -->\n<meta name=\"robots\" content=\"index, follow, max-snippet:-1, max-image-preview:large, max-video-preview:-1\" \/>\n<link rel=\"canonical\" href=\"http:\/\/master.leasing.dlcserver.com\/fr\/utilisation-dun-professionnel-du-credit-bail\/\" \/>\n<meta property=\"og:locale\" content=\"fr_FR\" \/>\n<meta property=\"og:type\" content=\"article\" \/>\n<meta property=\"og:title\" content=\"Utilisation d&#039;un professionnel du cr\u00e9dit-bail - Dominion Lending Centres\" \/>\n<meta property=\"og:description\" content=\"Un professionnel de la location Red Deer peut vous aider \u00e0 d\u00e9couvrir de multiples fa\u00e7ons de structurer le financement de location de nouveaux \u00e9quipements, de vendre un bail pour extraire le capital des actifs existants ou de r\u00e9soudre d&rsquo;autres opportunit\u00e9s d&rsquo;acquisition d&rsquo;\u00e9quipement. Beaucoup de nos professionnels de cr\u00e9dit-bail commercial de Red Deer sont \u00e9galement des [&hellip;]\" \/>\n<meta property=\"og:url\" content=\"http:\/\/master.leasing.dlcserver.com\/fr\/utilisation-dun-professionnel-du-credit-bail\/\" \/>\n<meta property=\"og:site_name\" content=\"Dominion Lending Centres\" \/>\n<meta property=\"article:modified_time\" content=\"2017-06-28T22:45:21+00:00\" \/>\n<meta property=\"og:image\" content=\"https:\/\/master.leasing.dlcserver.com\/wp-content\/uploads\/2017\/06\/leasing-banner.jpg\" \/>\n\t<meta property=\"og:image:width\" content=\"2000\" \/>\n\t<meta property=\"og:image:height\" content=\"277\" \/>\n<meta name=\"twitter:card\" content=\"summary\" \/>\n<meta name=\"twitter:label1\" content=\"Dur\u00e9e de lecture est.\" \/>\n\t<meta name=\"twitter:data1\" content=\"2 minutes\" \/>\n<script type=\"application\/ld+json\" class=\"yoast-schema-graph\">{\"@context\":\"https:\/\/schema.org\",\"@graph\":[{\"@type\":\"Organization\",\"@id\":\"http:\/\/master.leasing.dlcserver.com\/#organization\",\"name\":\"Centres Hypoth\\u00e9caires Dominion\",\"url\":\"http:\/\/master.leasing.dlcserver.com\/\",\"sameAs\":[],\"logo\":{\"@type\":\"ImageObject\",\"@id\":\"http:\/\/master.leasing.dlcserver.com\/#logo\",\"inLanguage\":\"fr-FR\",\"url\":\"http:\/\/master.leasing.dlcserver.com\/wp-content\/uploads\/2017\/01\/vector_DLC1.jpg\",\"contentUrl\":\"http:\/\/master.leasing.dlcserver.com\/wp-content\/uploads\/2017\/01\/vector_DLC1.jpg\",\"width\":369,\"height\":173,\"caption\":\"Centres Hypoth\\u00e9caires Dominion\"},\"image\":{\"@id\":\"http:\/\/master.leasing.dlcserver.com\/#logo\"}},{\"@type\":\"WebSite\",\"@id\":\"http:\/\/master.leasing.dlcserver.com\/#website\",\"url\":\"http:\/\/master.leasing.dlcserver.com\/\",\"name\":\"Dominion Lending Centres\",\"description\":\"Broker Website\",\"publisher\":{\"@id\":\"http:\/\/master.leasing.dlcserver.com\/#organization\"},\"potentialAction\":[{\"@type\":\"SearchAction\",\"target\":{\"@type\":\"EntryPoint\",\"urlTemplate\":\"http:\/\/master.leasing.dlcserver.com\/?s={search_term_string}\"},\"query-input\":\"required name=search_term_string\"}],\"inLanguage\":\"fr-FR\"},{\"@type\":\"ImageObject\",\"@id\":\"http:\/\/master.leasing.dlcserver.com\/fr\/utilisation-dun-professionnel-du-credit-bail\/#primaryimage\",\"inLanguage\":\"fr-FR\",\"url\":\"http:\/\/master.leasing.dlcserver.com\/wp-content\/uploads\/2017\/06\/leasing-banner.jpg\",\"contentUrl\":\"http:\/\/master.leasing.dlcserver.com\/wp-content\/uploads\/2017\/06\/leasing-banner.jpg\",\"width\":2000,\"height\":277},{\"@type\":\"WebPage\",\"@id\":\"http:\/\/master.leasing.dlcserver.com\/fr\/utilisation-dun-professionnel-du-credit-bail\/#webpage\",\"url\":\"http:\/\/master.leasing.dlcserver.com\/fr\/utilisation-dun-professionnel-du-credit-bail\/\",\"name\":\"Utilisation d'un professionnel du cr\\u00e9dit-bail - Dominion Lending Centres\",\"isPartOf\":{\"@id\":\"http:\/\/master.leasing.dlcserver.com\/#website\"},\"primaryImageOfPage\":{\"@id\":\"http:\/\/master.leasing.dlcserver.com\/fr\/utilisation-dun-professionnel-du-credit-bail\/#primaryimage\"},\"datePublished\":\"2017-06-28T22:43:22+00:00\",\"dateModified\":\"2017-06-28T22:45:21+00:00\",\"breadcrumb\":{\"@id\":\"http:\/\/master.leasing.dlcserver.com\/fr\/utilisation-dun-professionnel-du-credit-bail\/#breadcrumb\"},\"inLanguage\":\"fr-FR\",\"potentialAction\":[{\"@type\":\"ReadAction\",\"target\":[\"http:\/\/master.leasing.dlcserver.com\/fr\/utilisation-dun-professionnel-du-credit-bail\/\"]}]},{\"@type\":\"BreadcrumbList\",\"@id\":\"http:\/\/master.leasing.dlcserver.com\/fr\/utilisation-dun-professionnel-du-credit-bail\/#breadcrumb\",\"itemListElement\":[{\"@type\":\"ListItem\",\"position\":1,\"name\":\"Home\",\"item\":\"http:\/\/master.leasing.dlcserver.com\/fr\/\"},{\"@type\":\"ListItem\",\"position\":2,\"name\":\"Utilisation d&rsquo;un professionnel du cr\\u00e9dit-bail\"}]}]}<\/script>\n<!-- \/ Yoast SEO plugin. -->","yoast_head_json":{"robots":{"index":"index","follow":"follow","max-snippet":"max-snippet:-1","max-image-preview":"max-image-preview:large","max-video-preview":"max-video-preview:-1"},"canonical":"http:\/\/master.leasing.dlcserver.com\/fr\/utilisation-dun-professionnel-du-credit-bail\/","og_locale":"fr_FR","og_type":"article","og_title":"Utilisation d'un professionnel du cr\u00e9dit-bail - Dominion Lending Centres","og_description":"Un professionnel de la location Red Deer peut vous aider \u00e0 d\u00e9couvrir de multiples fa\u00e7ons de structurer le financement de location de nouveaux \u00e9quipements, de vendre un bail pour extraire le capital des actifs existants ou de r\u00e9soudre d&rsquo;autres opportunit\u00e9s d&rsquo;acquisition d&rsquo;\u00e9quipement. Beaucoup de nos professionnels de cr\u00e9dit-bail commercial de Red Deer sont \u00e9galement des [&hellip;]","og_url":"http:\/\/master.leasing.dlcserver.com\/fr\/utilisation-dun-professionnel-du-credit-bail\/","og_site_name":"Dominion Lending Centres","article_modified_time":"2017-06-28T22:45:21+00:00","og_image":[{"width":2000,"height":277,"url":"https:\/\/master.leasing.dlcserver.com\/wp-content\/uploads\/2017\/06\/leasing-banner.jpg","path":"\/var\/www\/sites\/wps\/sites\/code\/wp-content\/uploads\/2017\/06\/leasing-banner.jpg","size":"full","id":1804,"alt":"","pixels":554000,"type":"image\/jpeg"}],"twitter_card":"summary","twitter_misc":{"Dur\u00e9e de lecture est.":"2 minutes"},"schema":{"@context":"https:\/\/schema.org","@graph":[{"@type":"Organization","@id":"http:\/\/master.leasing.dlcserver.com\/#organization","name":"Centres Hypoth\u00e9caires Dominion","url":"http:\/\/master.leasing.dlcserver.com\/","sameAs":[],"logo":{"@type":"ImageObject","@id":"http:\/\/master.leasing.dlcserver.com\/#logo","inLanguage":"fr-FR","url":"http:\/\/master.leasing.dlcserver.com\/wp-content\/uploads\/2017\/01\/vector_DLC1.jpg","contentUrl":"http:\/\/master.leasing.dlcserver.com\/wp-content\/uploads\/2017\/01\/vector_DLC1.jpg","width":369,"height":173,"caption":"Centres Hypoth\u00e9caires Dominion"},"image":{"@id":"http:\/\/master.leasing.dlcserver.com\/#logo"}},{"@type":"WebSite","@id":"http:\/\/master.leasing.dlcserver.com\/#website","url":"http:\/\/master.leasing.dlcserver.com\/","name":"Dominion Lending Centres","description":"Broker Website","publisher":{"@id":"http:\/\/master.leasing.dlcserver.com\/#organization"},"potentialAction":[{"@type":"SearchAction","target":{"@type":"EntryPoint","urlTemplate":"http:\/\/master.leasing.dlcserver.com\/?s={search_term_string}"},"query-input":"required name=search_term_string"}],"inLanguage":"fr-FR"},{"@type":"ImageObject","@id":"http:\/\/master.leasing.dlcserver.com\/fr\/utilisation-dun-professionnel-du-credit-bail\/#primaryimage","inLanguage":"fr-FR","url":"http:\/\/master.leasing.dlcserver.com\/wp-content\/uploads\/2017\/06\/leasing-banner.jpg","contentUrl":"http:\/\/master.leasing.dlcserver.com\/wp-content\/uploads\/2017\/06\/leasing-banner.jpg","width":2000,"height":277},{"@type":"WebPage","@id":"http:\/\/master.leasing.dlcserver.com\/fr\/utilisation-dun-professionnel-du-credit-bail\/#webpage","url":"http:\/\/master.leasing.dlcserver.com\/fr\/utilisation-dun-professionnel-du-credit-bail\/","name":"Utilisation d'un professionnel du cr\u00e9dit-bail - Dominion Lending Centres","isPartOf":{"@id":"http:\/\/master.leasing.dlcserver.com\/#website"},"primaryImageOfPage":{"@id":"http:\/\/master.leasing.dlcserver.com\/fr\/utilisation-dun-professionnel-du-credit-bail\/#primaryimage"},"datePublished":"2017-06-28T22:43:22+00:00","dateModified":"2017-06-28T22:45:21+00:00","breadcrumb":{"@id":"http:\/\/master.leasing.dlcserver.com\/fr\/utilisation-dun-professionnel-du-credit-bail\/#breadcrumb"},"inLanguage":"fr-FR","potentialAction":[{"@type":"ReadAction","target":["http:\/\/master.leasing.dlcserver.com\/fr\/utilisation-dun-professionnel-du-credit-bail\/"]}]},{"@type":"BreadcrumbList","@id":"http:\/\/master.leasing.dlcserver.com\/fr\/utilisation-dun-professionnel-du-credit-bail\/#breadcrumb","itemListElement":[{"@type":"ListItem","position":1,"name":"Home","item":"http:\/\/master.leasing.dlcserver.com\/fr\/"},{"@type":"ListItem","position":2,"name":"Utilisation d&rsquo;un professionnel du cr\u00e9dit-bail"}]}]}},"_links":{"self":[{"href":"http:\/\/master.leasing.dlcserver.com\/fr\/wp-json\/wp\/v2\/pages\/1745"}],"collection":[{"href":"http:\/\/master.leasing.dlcserver.com\/fr\/wp-json\/wp\/v2\/pages"}],"about":[{"href":"http:\/\/master.leasing.dlcserver.com\/fr\/wp-json\/wp\/v2\/types\/page"}],"author":[{"embeddable":true,"href":"http:\/\/master.leasing.dlcserver.com\/fr\/wp-json\/wp\/v2\/users\/1"}],"replies":[{"embeddable":true,"href":"http:\/\/master.leasing.dlcserver.com\/fr\/wp-json\/wp\/v2\/comments?post=1745"}],"version-history":[{"count":4,"href":"http:\/\/master.leasing.dlcserver.com\/fr\/wp-json\/wp\/v2\/pages\/1745\/revisions"}],"predecessor-version":[{"id":1749,"href":"http:\/\/master.leasing.dlcserver.com\/fr\/wp-json\/wp\/v2\/pages\/1745\/revisions\/1749"}],"wp:featuredmedia":[{"embeddable":true,"href":"http:\/\/master.leasing.dlcserver.com\/fr\/wp-json\/wp\/v2\/media\/1804"}],"wp:attachment":[{"href":"http:\/\/master.leasing.dlcserver.com\/fr\/wp-json\/wp\/v2\/media?parent=1745"}],"curies":[{"name":"wp","href":"https:\/\/api.w.org\/{rel}","templated":true}]}}