{"id":1775,"date":"2017-06-28T20:51:24","date_gmt":"2017-06-28T23:21:24","guid":{"rendered":"http:\/\/master.leasing.dlcserver.com\/fr\/?page_id=1775"},"modified":"2017-06-28T20:51:24","modified_gmt":"2017-06-28T23:21:24","slug":"location-de-materiel","status":"publish","type":"page","link":"http:\/\/master.leasing.dlcserver.com\/fr\/location-de-materiel\/","title":{"rendered":"Location de mat\u00e9riel"},"content":{"rendered":"<p>Les gens choisissent de louer pour un large \u00e9ventail de raisons. Gr\u00e2ce \u00e0 sa flexibilit\u00e9, le cr\u00e9dit-bail peut aider \u00e0 atteindre diff\u00e9rents objectifs que les entreprises pourraient avoir. Voici quelques-unes des raisons les plus populaires cit\u00e9es pour choisir le cr\u00e9dit-bail pour soutenir leur choix d&rsquo;acquisition de mat\u00e9riel.<\/p>\n<p>Louer presque n&rsquo;importe quel type d&rsquo;\u00e9quipement: Presque tout ce qu&rsquo;une entreprise pourrait utiliser pour op\u00e9rer ou g\u00e9n\u00e9rer des revenus, y compris les machines-outils, les \u00e9quipements de construction, les copieurs, les ordinateurs, les logiciels, les meubles de bureau, les \u00e9quipements de fabrication, les \u00e9quipements m\u00e9dicaux et dentaires, etc. peuvent \u00eatre lou\u00e9s. Des articles individuels, \u00e0 un bureau ou une usine compl\u00e8te, tous sont disponibles gr\u00e2ce \u00e0 nos programmes de location de mat\u00e9riel commercial \u00e0 Red Deer.<\/p>\n<p>Stay on the Edge; \u00c9vitez l&rsquo;obsolescence: avec la technologie en \u00e9volution rapide d&rsquo;aujourd&rsquo;hui, certains \u00e9quipements peuvent devenir obsol\u00e8tes relativement rapidement. L&rsquo;\u00e9quipement de location pour votre entreprise \u00e0 Calgary, Alberta, vous permet souvent d&rsquo;acqu\u00e9rir le nouvel \u00e9quipement dont vous avez besoin sans avoir \u00e0 garder les ann\u00e9es de travail co\u00fbteuses au-del\u00e0 de son temps rentable.<\/p>\n<p>Le projet co\u00fbte plus pr\u00e9cis\u00e9ment: le cr\u00e9dit-bail fournit des paiements connus sur une p\u00e9riode d\u00e9termin\u00e9e. Le mat\u00e9riel de location \u00e0 Calgary AB aide \u00e0 \u00e9liminer les pr\u00e9jug\u00e9s de la budg\u00e9tisation.<\/p>\n<p>Payer comme flux de tr\u00e9sorerie: votre entreprise est-elle saisonni\u00e8re? Votre cycle \u00e9conomique pr\u00e9visible? Pourquoi ne pas payer pour ce nouvel \u00e9quipement lorsqu&rsquo;il paie lui-m\u00eame. Le cr\u00e9dit-bail est flexible car il existe l&rsquo;option d&rsquo;un programme de paiement de location personnalis\u00e9, \u00e9galement connu sous le nom de bail saisonnier.<\/p>\n<p>Paiements de location fixes: les paiements fixes permettent au locataire de pr\u00e9dire avec plus de pr\u00e9cision les co\u00fbts d&rsquo;\u00e9quipement et les besoins de tr\u00e9sorerie.<\/p>\n<p>Conservation de la capitale: si elle l&rsquo;appr\u00e9cie, achetez-la. Si elle se d\u00e9pr\u00e9cie, louez-le. Le cr\u00e9dit-bail offre une autre source de cr\u00e9dit et de financement plus adapt\u00e9 \u00e0 l&rsquo;amortissement des actifs.<\/p>\n<p>Surpasser les limites budg\u00e9taires: Souvent, le budget d&rsquo;une entreprise ne permet que l&rsquo;achat de ce dont ils ont absolument besoin, et non ce dont ils ont vraiment besoin.<\/p>\n<p>Conserver les lignes de cr\u00e9dit: Avec le mat\u00e9riel de location \u00e0 Red Deer Alberta, vous pouvez obtenir l&rsquo;\u00e9quipement dont vous avez besoin maintenant sans d\u00e9ranger vos lignes de cr\u00e9dit bancaires actuelles. Pr\u00e9server vos lignes de banque pour d&rsquo;autres utilisations possibles signifie la m\u00eame chose que l&rsquo;expansion du cr\u00e9dit disponible.<\/p>\n<p>Avantages fiscaux possibles: Les paiements de location sont souvent consid\u00e9r\u00e9s comme des d\u00e9penses enti\u00e8rement d\u00e9ductibles. Cela peut signifier une \u00e9criture plus rapide pour vous. \u00c9tant donn\u00e9 que le terme de bail est g\u00e9n\u00e9ralement plus court que la dur\u00e9e de vie amortissable, les paiements peuvent \u00eatre pass\u00e9s en charges dans une dur\u00e9e plus courte.<\/p>\n<p>Avantage concurrentiel: le cr\u00e9dit-bail peut aider \u00e0 d\u00e9velopper votre entreprise.<\/p>\n<p>Pratiquement 100% de financement: pratiquement tout autre financement exige un acompte important, un d\u00e9p\u00f4t ou une compensation du solde bancaire. Vous pouvez rapidement acqu\u00e9rir de nouveaux \u00e9quipements par leasing sans encaissement important.<\/p>\n<h2> Programmes de vente <\/h2>\n<p>Dans le but de stimuler ses ventes, un fournisseur de mat\u00e9riel de vente au d\u00e9tail peut s&rsquo;aligner sur un professionnel de cr\u00e9dit des Centres de cr\u00e9dit Dominion et fournir ce qu&rsquo;on appelle le financement des fournisseurs ou la location de vendeurs. Pour ce faire, le fournisseur doit s&rsquo;associer avec un professionnel du cr\u00e9dit-bail aux Centres de cr\u00e9dit Dominion afin qu&rsquo;ils puissent offrir des options de paiement mensuelles faibles \u00e0 leurs clients. Essentiellement, votre professionnel de la location Red Deer devient la soci\u00e9t\u00e9 de financement \u00abinterne\u00bb du fournisseur.<\/p>\n<p>Vendor Finance permet aux fournisseurs d&rsquo;\u00e9quipement d&rsquo;offrir aux clients une autre option de financement en plus de la remise en esp\u00e8ces ou des conditions de 30 jours. Sur les articles \u00e0 prix \u00e9lev\u00e9, cela peut \u00eatre un avantage majeur, car il se peut que certains clients respectent ces termes de paiement imm\u00e9diats. En \u00e9tendant l&rsquo;option de financement par l&rsquo;interm\u00e9diaire d&rsquo;un professionnel du cr\u00e9dit-bail \u00e0 Red Deer, le fournisseur offre un choix qui permet aux clients de mieux conserver leur propre flux de tr\u00e9sorerie.<\/p>\n<p>Le financement des fournisseurs est \u00e9galement connu sous le nom de location de fournisseurs et aide \u00e0 \u00e9tablir des relations entre fournisseurs et clients tout en am\u00e9liorant le volume des ventes des fournisseurs. Les clients peuvent voir le fournisseur comme un guichet unique o\u00f9 ils peuvent remplir leurs commandes et obtenir un financement, plut\u00f4t que d&rsquo;avoir \u00e0 chercher \u00e0 obtenir un financement pr\u00e9alable d&rsquo;une banque ou d&rsquo;un autre \u00e9tablissement de cr\u00e9dit.<\/p>\n<p>Le fournisseur fournit une option de paiement de location mensuelle faible avec son devis d&rsquo;\u00e9quipement. Lorsque leur client d\u00e9cide d&rsquo;acheter et qu&rsquo;ils choisissent l&rsquo;option de cr\u00e9dit-bail, le fournisseur fournit ensuite au client une demande de bail. Le client remplit et t\u00e9l\u00e9copie la demande sign\u00e9e \u00e0 votre professionnel du cr\u00e9dit-bail, qui effectue une v\u00e9rification de cr\u00e9dit rapide. Si approuv\u00e9, votre agent de cr\u00e9dit-bail Red Deer pr\u00e9parera alors un paquet de documents de location pour que le client signe avec les instructions compl\u00e8tes. Apr\u00e8s avoir re\u00e7u les contrats de location sign\u00e9s aupr\u00e8s du client, votre agent de location \u00e9met une commande de sortie ou d&rsquo;achat (selon les exigences du vendeur) aupr\u00e8s du vendeur.<\/p>\n<p>Le fournisseur d&rsquo;\u00e9quipement d\u00e9livre ou transmet l&rsquo;\u00e9quipement au client. Une fois que le client re\u00e7oit et accepte l&rsquo;\u00e9quipement, le professionnel de la location commerciale de Red Deer paie au vendeur le montant total de l&rsquo;\u00e9quipement plus la taxe applicable dans un court laps de temps (habituellement 2 \u00e0 5 jours).<\/p>\n<p>Un programme de location de fournisseurs peut donner \u00e0 votre entreprise un avantage concurrentiel par rapport aux concurrents qui ne peuvent offrir quelque chose de similaire \u00e0 leurs clients. En utilisant<\/p>\n","protected":false},"excerpt":{"rendered":"<p>Les gens choisissent de louer pour un large \u00e9ventail de raisons. Gr\u00e2ce \u00e0 sa flexibilit\u00e9, le cr\u00e9dit-bail peut aider \u00e0 atteindre diff\u00e9rents objectifs que les entreprises pourraient avoir. Voici quelques-unes des raisons les plus populaires cit\u00e9es pour choisir le cr\u00e9dit-bail pour soutenir leur choix d&rsquo;acquisition de mat\u00e9riel. Louer presque n&rsquo;importe quel type d&rsquo;\u00e9quipement: Presque tout [&hellip;]<\/p>\n","protected":false},"author":1,"featured_media":1804,"parent":0,"menu_order":0,"comment_status":"closed","ping_status":"closed","template":"","meta":[],"yoast_head":"<!-- This site is optimized with the Yoast SEO plugin v17.1 - https:\/\/yoast.com\/wordpress\/plugins\/seo\/ -->\n<meta name=\"robots\" content=\"index, follow, max-snippet:-1, max-image-preview:large, max-video-preview:-1\" \/>\n<link rel=\"canonical\" href=\"http:\/\/master.leasing.dlcserver.com\/fr\/location-de-materiel\/\" \/>\n<meta property=\"og:locale\" content=\"fr_FR\" \/>\n<meta property=\"og:type\" content=\"article\" \/>\n<meta property=\"og:title\" content=\"Location de mat\u00e9riel - Dominion Lending Centres\" \/>\n<meta property=\"og:description\" content=\"Les gens choisissent de louer pour un large \u00e9ventail de raisons. Gr\u00e2ce \u00e0 sa flexibilit\u00e9, le cr\u00e9dit-bail peut aider \u00e0 atteindre diff\u00e9rents objectifs que les entreprises pourraient avoir. Voici quelques-unes des raisons les plus populaires cit\u00e9es pour choisir le cr\u00e9dit-bail pour soutenir leur choix d&rsquo;acquisition de mat\u00e9riel. Louer presque n&rsquo;importe quel type d&rsquo;\u00e9quipement: Presque tout [&hellip;]\" \/>\n<meta property=\"og:url\" content=\"http:\/\/master.leasing.dlcserver.com\/fr\/location-de-materiel\/\" \/>\n<meta property=\"og:site_name\" content=\"Dominion Lending Centres\" \/>\n<meta property=\"og:image\" content=\"https:\/\/master.leasing.dlcserver.com\/wp-content\/uploads\/2017\/06\/leasing-banner.jpg\" \/>\n\t<meta property=\"og:image:width\" content=\"2000\" \/>\n\t<meta property=\"og:image:height\" content=\"277\" \/>\n<meta name=\"twitter:card\" content=\"summary\" \/>\n<meta name=\"twitter:label1\" content=\"Dur\u00e9e de lecture est.\" \/>\n\t<meta name=\"twitter:data1\" content=\"5 minutes\" \/>\n<script type=\"application\/ld+json\" class=\"yoast-schema-graph\">{\"@context\":\"https:\/\/schema.org\",\"@graph\":[{\"@type\":\"Organization\",\"@id\":\"http:\/\/master.leasing.dlcserver.com\/#organization\",\"name\":\"Centres Hypoth\\u00e9caires Dominion\",\"url\":\"http:\/\/master.leasing.dlcserver.com\/\",\"sameAs\":[],\"logo\":{\"@type\":\"ImageObject\",\"@id\":\"http:\/\/master.leasing.dlcserver.com\/#logo\",\"inLanguage\":\"fr-FR\",\"url\":\"http:\/\/master.leasing.dlcserver.com\/wp-content\/uploads\/2017\/01\/vector_DLC1.jpg\",\"contentUrl\":\"http:\/\/master.leasing.dlcserver.com\/wp-content\/uploads\/2017\/01\/vector_DLC1.jpg\",\"width\":369,\"height\":173,\"caption\":\"Centres Hypoth\\u00e9caires Dominion\"},\"image\":{\"@id\":\"http:\/\/master.leasing.dlcserver.com\/#logo\"}},{\"@type\":\"WebSite\",\"@id\":\"http:\/\/master.leasing.dlcserver.com\/#website\",\"url\":\"http:\/\/master.leasing.dlcserver.com\/\",\"name\":\"Dominion Lending Centres\",\"description\":\"Broker Website\",\"publisher\":{\"@id\":\"http:\/\/master.leasing.dlcserver.com\/#organization\"},\"potentialAction\":[{\"@type\":\"SearchAction\",\"target\":{\"@type\":\"EntryPoint\",\"urlTemplate\":\"http:\/\/master.leasing.dlcserver.com\/?s={search_term_string}\"},\"query-input\":\"required name=search_term_string\"}],\"inLanguage\":\"fr-FR\"},{\"@type\":\"ImageObject\",\"@id\":\"http:\/\/master.leasing.dlcserver.com\/fr\/location-de-materiel\/#primaryimage\",\"inLanguage\":\"fr-FR\",\"url\":\"http:\/\/master.leasing.dlcserver.com\/wp-content\/uploads\/2017\/06\/leasing-banner.jpg\",\"contentUrl\":\"http:\/\/master.leasing.dlcserver.com\/wp-content\/uploads\/2017\/06\/leasing-banner.jpg\",\"width\":2000,\"height\":277},{\"@type\":\"WebPage\",\"@id\":\"http:\/\/master.leasing.dlcserver.com\/fr\/location-de-materiel\/#webpage\",\"url\":\"http:\/\/master.leasing.dlcserver.com\/fr\/location-de-materiel\/\",\"name\":\"Location de mat\\u00e9riel - Dominion Lending Centres\",\"isPartOf\":{\"@id\":\"http:\/\/master.leasing.dlcserver.com\/#website\"},\"primaryImageOfPage\":{\"@id\":\"http:\/\/master.leasing.dlcserver.com\/fr\/location-de-materiel\/#primaryimage\"},\"datePublished\":\"2017-06-28T23:21:24+00:00\",\"dateModified\":\"2017-06-28T23:21:24+00:00\",\"breadcrumb\":{\"@id\":\"http:\/\/master.leasing.dlcserver.com\/fr\/location-de-materiel\/#breadcrumb\"},\"inLanguage\":\"fr-FR\",\"potentialAction\":[{\"@type\":\"ReadAction\",\"target\":[\"http:\/\/master.leasing.dlcserver.com\/fr\/location-de-materiel\/\"]}]},{\"@type\":\"BreadcrumbList\",\"@id\":\"http:\/\/master.leasing.dlcserver.com\/fr\/location-de-materiel\/#breadcrumb\",\"itemListElement\":[{\"@type\":\"ListItem\",\"position\":1,\"name\":\"Home\",\"item\":\"http:\/\/master.leasing.dlcserver.com\/fr\/\"},{\"@type\":\"ListItem\",\"position\":2,\"name\":\"Location de mat\\u00e9riel\"}]}]}<\/script>\n<!-- \/ Yoast SEO plugin. -->","yoast_head_json":{"robots":{"index":"index","follow":"follow","max-snippet":"max-snippet:-1","max-image-preview":"max-image-preview:large","max-video-preview":"max-video-preview:-1"},"canonical":"http:\/\/master.leasing.dlcserver.com\/fr\/location-de-materiel\/","og_locale":"fr_FR","og_type":"article","og_title":"Location de mat\u00e9riel - Dominion Lending Centres","og_description":"Les gens choisissent de louer pour un large \u00e9ventail de raisons. Gr\u00e2ce \u00e0 sa flexibilit\u00e9, le cr\u00e9dit-bail peut aider \u00e0 atteindre diff\u00e9rents objectifs que les entreprises pourraient avoir. Voici quelques-unes des raisons les plus populaires cit\u00e9es pour choisir le cr\u00e9dit-bail pour soutenir leur choix d&rsquo;acquisition de mat\u00e9riel. Louer presque n&rsquo;importe quel type d&rsquo;\u00e9quipement: Presque tout [&hellip;]","og_url":"http:\/\/master.leasing.dlcserver.com\/fr\/location-de-materiel\/","og_site_name":"Dominion Lending Centres","og_image":[{"width":2000,"height":277,"url":"https:\/\/master.leasing.dlcserver.com\/wp-content\/uploads\/2017\/06\/leasing-banner.jpg","path":"\/var\/www\/sites\/wps\/sites\/code\/wp-content\/uploads\/2017\/06\/leasing-banner.jpg","size":"full","id":1804,"alt":"","pixels":554000,"type":"image\/jpeg"}],"twitter_card":"summary","twitter_misc":{"Dur\u00e9e de lecture est.":"5 minutes"},"schema":{"@context":"https:\/\/schema.org","@graph":[{"@type":"Organization","@id":"http:\/\/master.leasing.dlcserver.com\/#organization","name":"Centres Hypoth\u00e9caires Dominion","url":"http:\/\/master.leasing.dlcserver.com\/","sameAs":[],"logo":{"@type":"ImageObject","@id":"http:\/\/master.leasing.dlcserver.com\/#logo","inLanguage":"fr-FR","url":"http:\/\/master.leasing.dlcserver.com\/wp-content\/uploads\/2017\/01\/vector_DLC1.jpg","contentUrl":"http:\/\/master.leasing.dlcserver.com\/wp-content\/uploads\/2017\/01\/vector_DLC1.jpg","width":369,"height":173,"caption":"Centres Hypoth\u00e9caires Dominion"},"image":{"@id":"http:\/\/master.leasing.dlcserver.com\/#logo"}},{"@type":"WebSite","@id":"http:\/\/master.leasing.dlcserver.com\/#website","url":"http:\/\/master.leasing.dlcserver.com\/","name":"Dominion Lending Centres","description":"Broker Website","publisher":{"@id":"http:\/\/master.leasing.dlcserver.com\/#organization"},"potentialAction":[{"@type":"SearchAction","target":{"@type":"EntryPoint","urlTemplate":"http:\/\/master.leasing.dlcserver.com\/?s={search_term_string}"},"query-input":"required name=search_term_string"}],"inLanguage":"fr-FR"},{"@type":"ImageObject","@id":"http:\/\/master.leasing.dlcserver.com\/fr\/location-de-materiel\/#primaryimage","inLanguage":"fr-FR","url":"http:\/\/master.leasing.dlcserver.com\/wp-content\/uploads\/2017\/06\/leasing-banner.jpg","contentUrl":"http:\/\/master.leasing.dlcserver.com\/wp-content\/uploads\/2017\/06\/leasing-banner.jpg","width":2000,"height":277},{"@type":"WebPage","@id":"http:\/\/master.leasing.dlcserver.com\/fr\/location-de-materiel\/#webpage","url":"http:\/\/master.leasing.dlcserver.com\/fr\/location-de-materiel\/","name":"Location de mat\u00e9riel - Dominion Lending Centres","isPartOf":{"@id":"http:\/\/master.leasing.dlcserver.com\/#website"},"primaryImageOfPage":{"@id":"http:\/\/master.leasing.dlcserver.com\/fr\/location-de-materiel\/#primaryimage"},"datePublished":"2017-06-28T23:21:24+00:00","dateModified":"2017-06-28T23:21:24+00:00","breadcrumb":{"@id":"http:\/\/master.leasing.dlcserver.com\/fr\/location-de-materiel\/#breadcrumb"},"inLanguage":"fr-FR","potentialAction":[{"@type":"ReadAction","target":["http:\/\/master.leasing.dlcserver.com\/fr\/location-de-materiel\/"]}]},{"@type":"BreadcrumbList","@id":"http:\/\/master.leasing.dlcserver.com\/fr\/location-de-materiel\/#breadcrumb","itemListElement":[{"@type":"ListItem","position":1,"name":"Home","item":"http:\/\/master.leasing.dlcserver.com\/fr\/"},{"@type":"ListItem","position":2,"name":"Location de mat\u00e9riel"}]}]}},"_links":{"self":[{"href":"http:\/\/master.leasing.dlcserver.com\/fr\/wp-json\/wp\/v2\/pages\/1775"}],"collection":[{"href":"http:\/\/master.leasing.dlcserver.com\/fr\/wp-json\/wp\/v2\/pages"}],"about":[{"href":"http:\/\/master.leasing.dlcserver.com\/fr\/wp-json\/wp\/v2\/types\/page"}],"author":[{"embeddable":true,"href":"http:\/\/master.leasing.dlcserver.com\/fr\/wp-json\/wp\/v2\/users\/1"}],"replies":[{"embeddable":true,"href":"http:\/\/master.leasing.dlcserver.com\/fr\/wp-json\/wp\/v2\/comments?post=1775"}],"version-history":[{"count":1,"href":"http:\/\/master.leasing.dlcserver.com\/fr\/wp-json\/wp\/v2\/pages\/1775\/revisions"}],"predecessor-version":[{"id":1776,"href":"http:\/\/master.leasing.dlcserver.com\/fr\/wp-json\/wp\/v2\/pages\/1775\/revisions\/1776"}],"wp:featuredmedia":[{"embeddable":true,"href":"http:\/\/master.leasing.dlcserver.com\/fr\/wp-json\/wp\/v2\/media\/1804"}],"wp:attachment":[{"href":"http:\/\/master.leasing.dlcserver.com\/fr\/wp-json\/wp\/v2\/media?parent=1775"}],"curies":[{"name":"wp","href":"https:\/\/api.w.org\/{rel}","templated":true}]}}