{"id":1778,"date":"2017-06-28T20:53:29","date_gmt":"2017-06-28T23:23:29","guid":{"rendered":"http:\/\/master.leasing.dlcserver.com\/fr\/?page_id=1778"},"modified":"2017-06-28T20:53:29","modified_gmt":"2017-06-28T23:23:29","slug":"location-automobile","status":"publish","type":"page","link":"http:\/\/master.leasing.dlcserver.com\/fr\/location-automobile\/","title":{"rendered":"Location automobile"},"content":{"rendered":"<p>Vos <strong> professionnels de cr\u00e9dit-bail Red Deer <\/strong> fournissent des financements de cr\u00e9dit-bail commerciaux, commerciaux et grand public \u00e0 Red Deer ainsi qu&rsquo;au reste de nos clients valoris\u00e9s partout au Canada. De ceux qui ont une situation de cr\u00e9dit difficile, \u00e0 ceux qui ont le cr\u00e9dit le plus propre, nous offrons les meilleures options de financement disponibles \u00e0 vous n&rsquo;importe o\u00f9 en Alberta!<\/p>\n<p>Beaucoup de nos <strong> consultants en cr\u00e9dit-bail de Calgary <\/strong> sont \u00e9galement <strong> professionnels de l&rsquo;hypoth\u00e8que sous licence <\/strong> qui ont acc\u00e8s \u00e0 des produits hypoth\u00e9caires commerciaux, \u00e0 des produits hypoth\u00e9caires r\u00e9sidentiels et \u00e0 des produits de ligne de cr\u00e9dit aupr\u00e8s des plus grandes banques, caisses de cr\u00e9dit et Soci\u00e9t\u00e9s de fiducie. En utilisant plusieurs des solutions financi\u00e8res disponibles, nous pouvons vous aider \u00e0 acqu\u00e9rir le financement de mat\u00e9riel <strong> dans Red Deer <\/strong> ou des pr\u00eats automobiles personnels au plus bas paiement mensuel disponible.<\/p>\n<p>Nous avons une \u00e9quipe exp\u00e9riment\u00e9e de consultants en financement de cr\u00e9dit-bail automobile engag\u00e9s \u00e0 vous amener dans la voiture ou le camion de vos r\u00eaves! Nos services de financement de bail \u00e0 Red Deer sont disponibles tous les jours, chaque fois que vous \u00eates pr\u00eat \u00e0 prendre une d\u00e9cision ou \u00e0 simplement poser des questions. Votre avenir peut d\u00e9pendre de la prochaine d\u00e9cision que vous prenez.<\/p>\n<p>Jess Chinnery, votre <strong> consultant en financement de cr\u00e9dit-bail automobile en Alberta <\/strong>, vous donnera les meilleurs conseils pour vous aider \u00e0 prendre cette d\u00e9cision et \u00e0 avancer avec <strong> une nouvelle voiture ou camion <\/strong> Votre famille en toute s\u00e9curit\u00e9 \u00e0 l&rsquo;\u00e9cole ou au travail. Jess vous rencontrera chaque fois que vous \u00eates pr\u00eat \u00e0 discuter de la location et du financement automobile &#8211; <strong> 403-304-6709 <\/strong><\/p>\n","protected":false},"excerpt":{"rendered":"<p>Vos professionnels de cr\u00e9dit-bail Red Deer fournissent des financements de cr\u00e9dit-bail commerciaux, commerciaux et grand public \u00e0 Red Deer ainsi qu&rsquo;au reste de nos clients valoris\u00e9s partout au Canada. De ceux qui ont une situation de cr\u00e9dit difficile, \u00e0 ceux qui ont le cr\u00e9dit le plus propre, nous offrons les meilleures options de financement disponibles [&hellip;]<\/p>\n","protected":false},"author":1,"featured_media":1804,"parent":0,"menu_order":0,"comment_status":"closed","ping_status":"closed","template":"","meta":[],"yoast_head":"<!-- This site is optimized with the Yoast SEO plugin v17.1 - https:\/\/yoast.com\/wordpress\/plugins\/seo\/ -->\n<meta name=\"robots\" content=\"index, follow, max-snippet:-1, max-image-preview:large, max-video-preview:-1\" \/>\n<link rel=\"canonical\" href=\"http:\/\/master.leasing.dlcserver.com\/fr\/location-automobile\/\" \/>\n<meta property=\"og:locale\" content=\"fr_FR\" \/>\n<meta property=\"og:type\" content=\"article\" \/>\n<meta property=\"og:title\" content=\"Location automobile - Dominion Lending Centres\" \/>\n<meta property=\"og:description\" content=\"Vos professionnels de cr\u00e9dit-bail Red Deer fournissent des financements de cr\u00e9dit-bail commerciaux, commerciaux et grand public \u00e0 Red Deer ainsi qu&rsquo;au reste de nos clients valoris\u00e9s partout au Canada. De ceux qui ont une situation de cr\u00e9dit difficile, \u00e0 ceux qui ont le cr\u00e9dit le plus propre, nous offrons les meilleures options de financement disponibles [&hellip;]\" \/>\n<meta property=\"og:url\" content=\"http:\/\/master.leasing.dlcserver.com\/fr\/location-automobile\/\" \/>\n<meta property=\"og:site_name\" content=\"Dominion Lending Centres\" \/>\n<meta property=\"og:image\" content=\"https:\/\/master.leasing.dlcserver.com\/wp-content\/uploads\/2017\/06\/leasing-banner.jpg\" \/>\n\t<meta property=\"og:image:width\" content=\"2000\" \/>\n\t<meta property=\"og:image:height\" content=\"277\" \/>\n<meta name=\"twitter:card\" content=\"summary\" \/>\n<meta name=\"twitter:label1\" content=\"Dur\u00e9e de lecture est.\" \/>\n\t<meta name=\"twitter:data1\" content=\"1 minute\" \/>\n<script type=\"application\/ld+json\" class=\"yoast-schema-graph\">{\"@context\":\"https:\/\/schema.org\",\"@graph\":[{\"@type\":\"Organization\",\"@id\":\"http:\/\/master.leasing.dlcserver.com\/#organization\",\"name\":\"Centres Hypoth\\u00e9caires Dominion\",\"url\":\"http:\/\/master.leasing.dlcserver.com\/\",\"sameAs\":[],\"logo\":{\"@type\":\"ImageObject\",\"@id\":\"http:\/\/master.leasing.dlcserver.com\/#logo\",\"inLanguage\":\"fr-FR\",\"url\":\"http:\/\/master.leasing.dlcserver.com\/wp-content\/uploads\/2017\/01\/vector_DLC1.jpg\",\"contentUrl\":\"http:\/\/master.leasing.dlcserver.com\/wp-content\/uploads\/2017\/01\/vector_DLC1.jpg\",\"width\":369,\"height\":173,\"caption\":\"Centres Hypoth\\u00e9caires Dominion\"},\"image\":{\"@id\":\"http:\/\/master.leasing.dlcserver.com\/#logo\"}},{\"@type\":\"WebSite\",\"@id\":\"http:\/\/master.leasing.dlcserver.com\/#website\",\"url\":\"http:\/\/master.leasing.dlcserver.com\/\",\"name\":\"Dominion Lending Centres\",\"description\":\"Broker Website\",\"publisher\":{\"@id\":\"http:\/\/master.leasing.dlcserver.com\/#organization\"},\"potentialAction\":[{\"@type\":\"SearchAction\",\"target\":{\"@type\":\"EntryPoint\",\"urlTemplate\":\"http:\/\/master.leasing.dlcserver.com\/?s={search_term_string}\"},\"query-input\":\"required name=search_term_string\"}],\"inLanguage\":\"fr-FR\"},{\"@type\":\"ImageObject\",\"@id\":\"http:\/\/master.leasing.dlcserver.com\/fr\/location-automobile\/#primaryimage\",\"inLanguage\":\"fr-FR\",\"url\":\"http:\/\/master.leasing.dlcserver.com\/wp-content\/uploads\/2017\/06\/leasing-banner.jpg\",\"contentUrl\":\"http:\/\/master.leasing.dlcserver.com\/wp-content\/uploads\/2017\/06\/leasing-banner.jpg\",\"width\":2000,\"height\":277},{\"@type\":\"WebPage\",\"@id\":\"http:\/\/master.leasing.dlcserver.com\/fr\/location-automobile\/#webpage\",\"url\":\"http:\/\/master.leasing.dlcserver.com\/fr\/location-automobile\/\",\"name\":\"Location automobile - Dominion Lending Centres\",\"isPartOf\":{\"@id\":\"http:\/\/master.leasing.dlcserver.com\/#website\"},\"primaryImageOfPage\":{\"@id\":\"http:\/\/master.leasing.dlcserver.com\/fr\/location-automobile\/#primaryimage\"},\"datePublished\":\"2017-06-28T23:23:29+00:00\",\"dateModified\":\"2017-06-28T23:23:29+00:00\",\"breadcrumb\":{\"@id\":\"http:\/\/master.leasing.dlcserver.com\/fr\/location-automobile\/#breadcrumb\"},\"inLanguage\":\"fr-FR\",\"potentialAction\":[{\"@type\":\"ReadAction\",\"target\":[\"http:\/\/master.leasing.dlcserver.com\/fr\/location-automobile\/\"]}]},{\"@type\":\"BreadcrumbList\",\"@id\":\"http:\/\/master.leasing.dlcserver.com\/fr\/location-automobile\/#breadcrumb\",\"itemListElement\":[{\"@type\":\"ListItem\",\"position\":1,\"name\":\"Home\",\"item\":\"http:\/\/master.leasing.dlcserver.com\/fr\/\"},{\"@type\":\"ListItem\",\"position\":2,\"name\":\"Location automobile\"}]}]}<\/script>\n<!-- \/ Yoast SEO plugin. -->","yoast_head_json":{"robots":{"index":"index","follow":"follow","max-snippet":"max-snippet:-1","max-image-preview":"max-image-preview:large","max-video-preview":"max-video-preview:-1"},"canonical":"http:\/\/master.leasing.dlcserver.com\/fr\/location-automobile\/","og_locale":"fr_FR","og_type":"article","og_title":"Location automobile - Dominion Lending Centres","og_description":"Vos professionnels de cr\u00e9dit-bail Red Deer fournissent des financements de cr\u00e9dit-bail commerciaux, commerciaux et grand public \u00e0 Red Deer ainsi qu&rsquo;au reste de nos clients valoris\u00e9s partout au Canada. De ceux qui ont une situation de cr\u00e9dit difficile, \u00e0 ceux qui ont le cr\u00e9dit le plus propre, nous offrons les meilleures options de financement disponibles [&hellip;]","og_url":"http:\/\/master.leasing.dlcserver.com\/fr\/location-automobile\/","og_site_name":"Dominion Lending Centres","og_image":[{"width":2000,"height":277,"url":"https:\/\/master.leasing.dlcserver.com\/wp-content\/uploads\/2017\/06\/leasing-banner.jpg","path":"\/var\/www\/sites\/wps\/sites\/code\/wp-content\/uploads\/2017\/06\/leasing-banner.jpg","size":"full","id":1804,"alt":"","pixels":554000,"type":"image\/jpeg"}],"twitter_card":"summary","twitter_misc":{"Dur\u00e9e de lecture est.":"1 minute"},"schema":{"@context":"https:\/\/schema.org","@graph":[{"@type":"Organization","@id":"http:\/\/master.leasing.dlcserver.com\/#organization","name":"Centres Hypoth\u00e9caires Dominion","url":"http:\/\/master.leasing.dlcserver.com\/","sameAs":[],"logo":{"@type":"ImageObject","@id":"http:\/\/master.leasing.dlcserver.com\/#logo","inLanguage":"fr-FR","url":"http:\/\/master.leasing.dlcserver.com\/wp-content\/uploads\/2017\/01\/vector_DLC1.jpg","contentUrl":"http:\/\/master.leasing.dlcserver.com\/wp-content\/uploads\/2017\/01\/vector_DLC1.jpg","width":369,"height":173,"caption":"Centres Hypoth\u00e9caires Dominion"},"image":{"@id":"http:\/\/master.leasing.dlcserver.com\/#logo"}},{"@type":"WebSite","@id":"http:\/\/master.leasing.dlcserver.com\/#website","url":"http:\/\/master.leasing.dlcserver.com\/","name":"Dominion Lending Centres","description":"Broker Website","publisher":{"@id":"http:\/\/master.leasing.dlcserver.com\/#organization"},"potentialAction":[{"@type":"SearchAction","target":{"@type":"EntryPoint","urlTemplate":"http:\/\/master.leasing.dlcserver.com\/?s={search_term_string}"},"query-input":"required name=search_term_string"}],"inLanguage":"fr-FR"},{"@type":"ImageObject","@id":"http:\/\/master.leasing.dlcserver.com\/fr\/location-automobile\/#primaryimage","inLanguage":"fr-FR","url":"http:\/\/master.leasing.dlcserver.com\/wp-content\/uploads\/2017\/06\/leasing-banner.jpg","contentUrl":"http:\/\/master.leasing.dlcserver.com\/wp-content\/uploads\/2017\/06\/leasing-banner.jpg","width":2000,"height":277},{"@type":"WebPage","@id":"http:\/\/master.leasing.dlcserver.com\/fr\/location-automobile\/#webpage","url":"http:\/\/master.leasing.dlcserver.com\/fr\/location-automobile\/","name":"Location automobile - Dominion Lending Centres","isPartOf":{"@id":"http:\/\/master.leasing.dlcserver.com\/#website"},"primaryImageOfPage":{"@id":"http:\/\/master.leasing.dlcserver.com\/fr\/location-automobile\/#primaryimage"},"datePublished":"2017-06-28T23:23:29+00:00","dateModified":"2017-06-28T23:23:29+00:00","breadcrumb":{"@id":"http:\/\/master.leasing.dlcserver.com\/fr\/location-automobile\/#breadcrumb"},"inLanguage":"fr-FR","potentialAction":[{"@type":"ReadAction","target":["http:\/\/master.leasing.dlcserver.com\/fr\/location-automobile\/"]}]},{"@type":"BreadcrumbList","@id":"http:\/\/master.leasing.dlcserver.com\/fr\/location-automobile\/#breadcrumb","itemListElement":[{"@type":"ListItem","position":1,"name":"Home","item":"http:\/\/master.leasing.dlcserver.com\/fr\/"},{"@type":"ListItem","position":2,"name":"Location automobile"}]}]}},"_links":{"self":[{"href":"http:\/\/master.leasing.dlcserver.com\/fr\/wp-json\/wp\/v2\/pages\/1778"}],"collection":[{"href":"http:\/\/master.leasing.dlcserver.com\/fr\/wp-json\/wp\/v2\/pages"}],"about":[{"href":"http:\/\/master.leasing.dlcserver.com\/fr\/wp-json\/wp\/v2\/types\/page"}],"author":[{"embeddable":true,"href":"http:\/\/master.leasing.dlcserver.com\/fr\/wp-json\/wp\/v2\/users\/1"}],"replies":[{"embeddable":true,"href":"http:\/\/master.leasing.dlcserver.com\/fr\/wp-json\/wp\/v2\/comments?post=1778"}],"version-history":[{"count":1,"href":"http:\/\/master.leasing.dlcserver.com\/fr\/wp-json\/wp\/v2\/pages\/1778\/revisions"}],"predecessor-version":[{"id":1779,"href":"http:\/\/master.leasing.dlcserver.com\/fr\/wp-json\/wp\/v2\/pages\/1778\/revisions\/1779"}],"wp:featuredmedia":[{"embeddable":true,"href":"http:\/\/master.leasing.dlcserver.com\/fr\/wp-json\/wp\/v2\/media\/1804"}],"wp:attachment":[{"href":"http:\/\/master.leasing.dlcserver.com\/fr\/wp-json\/wp\/v2\/media?parent=1778"}],"curies":[{"name":"wp","href":"https:\/\/api.w.org\/{rel}","templated":true}]}}