{"id":1780,"date":"2017-06-28T20:55:33","date_gmt":"2017-06-28T23:25:33","guid":{"rendered":"http:\/\/master.leasing.dlcserver.com\/fr\/?page_id=1780"},"modified":"2017-06-28T20:55:33","modified_gmt":"2017-06-28T23:25:33","slug":"location-de-programmes-de-vente","status":"publish","type":"page","link":"http:\/\/master.leasing.dlcserver.com\/fr\/location-de-programmes-de-vente\/","title":{"rendered":"Location de programmes de vente"},"content":{"rendered":"<h2>Assistance aux fournisseurs<\/h2>\n<p>Vos professionnels du cr\u00e9dit-bail Red Deer traiteront tous les aspects du processus de location. Nous fournirons \u00e0 votre entreprise des prix pr\u00e9f\u00e9rentiels et des conditions de paiement pour offrir \u00e0 vos clients. Nous prenons en charge toutes les enqu\u00eates de cr\u00e9dit, les approbations et toutes les formalit\u00e9s n\u00e9cessaires qui vous permettent de vous concentrer sur les ventes.<\/p>\n<p>L&rsquo;\u00e9quipe avec les Centres de cr\u00e9dit Dominion vous donnera un avantage concurrentiel suppl\u00e9mentaire en ce qui concerne la location de tout type d&rsquo;\u00e9quipement. Nous pouvons \u00eatre votre \u00absolution unique\u00bb pour tous vos clients; Que ce soit commercial, municipal, f\u00e9d\u00e9ral, canadien ou am\u00e9ricain &#8230; nous vous avons couvert!<\/p>\n<p>Nous proposons des dizaines de programmes de financement et de financement <strong> <\/ strong> adapt\u00e9s aux besoins sp\u00e9cifiques de votre client, tout en vous aidant \u00e0 augmenter les ventes avec un financement de location fiscalement adapt\u00e9.<\/p>\n<p>Vous recherchez <strong> aide financi\u00e8re \u00e0 Red Deer <\/strong> commencer par un bail d&rsquo;\u00e9quipement? Appelez les <strong> Red Deer leasing professionnels <\/strong> qui peuvent fournir des informations sur tous les types de solutions de financement pour votre entreprise, que ce soit \u00e0 Red Deer Alberta ou ailleurs au Canada pour cette question.<\/p>\n<p><H2> Avantages de location pour les vendeurs <\/h2>\n<p><Strong> Leasing conclut plus de ventes: <\/strong> L&rsquo;un des plus importants avantages de cr\u00e9dit-bail fournit la vitesse et l&rsquo;efficacit\u00e9 avec lesquelles une vente peut \u00eatre ferm\u00e9e. Les paiements peuvent commencer imm\u00e9diatement &#8211; en termes attrayants et abordables. Les documents de location peuvent \u00eatre envoy\u00e9s par courrier \u00e9lectronique, par t\u00e9l\u00e9copie ou par messagerie \u00e0 votre client tr\u00e8s rapidement. Vous gardez le contr\u00f4le de la vente et faites en sorte que le client s&rsquo;engage.<\/p>\n<p><Strong> Leasing g\u00e9n\u00e8re des ventes plus importantes: <\/strong> Vous augmentez le pouvoir d&rsquo;achat du client en proposant un cr\u00e9dit-bail. \u00c9tant donn\u00e9 que le co\u00fbt de location mensuel suppl\u00e9mentaire d&rsquo;une unit\u00e9 plus grande ou des fonctionnalit\u00e9s suppl\u00e9mentaires est si petit, votre client est plus enclin \u00e0 augmenter la taille de son achat et vos b\u00e9n\u00e9fices.<\/p>\n<p><Strong> Leasing surmonte les probl\u00e8mes budg\u00e9taires: <\/strong> En qualifiant le cr\u00e9dit-bail en tant que co\u00fbt d&rsquo;exploitation, votre client est capable de contourner un probl\u00e8me de budg\u00e9tisation d&rsquo;immobilisations et d&rsquo;\u00e9viter une appropriation prolong\u00e9e; Ce qui met fin au processus qui retarderait votre vente.<\/p>\n<p><Strong> Leasing surmonte les objections de co\u00fbts: <\/strong> En citant les chiffres du bail, vous pr\u00e9sentez le co\u00fbt de votre \u00e9quipement dans les termes les moins co\u00fbteux. Vous pouvez modifier une image de prix n\u00e9gative possible en un \u00e9l\u00e9ment facilement budg\u00e9tis\u00e9. Votre client verra que les \u00e9conomies de temps et de co\u00fbts g\u00e9n\u00e9r\u00e9es par le nouvel \u00e9quipement d\u00e9passent de loin le faible paiement de location mensuel.<\/p>\n<p><Strong> Leasing Builds Repeat Business: <\/strong> Vous constaterez que le cr\u00e9dit-bail cr\u00e9e la fid\u00e9lisation de la client\u00e8le et conduit \u00e0 des compl\u00e9ments, des \u00e9changes et des acquisitions de nouveaux \u00e9quipements plus fr\u00e9quents qu&rsquo;un achat direct. Le programme de location de mat\u00e9riel de DLC Leasing vous permet d&rsquo;offrir des solutions aux besoins de l&rsquo;\u00e9quipement de votre client, ce qui vous permet de suivre la technologie changeante.<\/p>\n<p><Strong> Leasing le rend pratique: <\/strong> En offrant le cr\u00e9dit-bail, vous facilitez et pratique pour vos clients d&rsquo;acqu\u00e9rir votre \u00e9quipement. Pas besoin de retarder vos ventes alors qu&rsquo;un autre financement est demand\u00e9 par votre client. Vous contr\u00f4lez la vente. Votre client veut, a besoin et attend une source unique pour r\u00e9pondre \u00e0 ses besoins. Ne sous-estimez pas la commodit\u00e9 et la valeur de ce service suppl\u00e9mentaire \u00e0 vous et \u00e0 votre client.<\/p>\n","protected":false},"excerpt":{"rendered":"<p>Assistance aux fournisseurs Vos professionnels du cr\u00e9dit-bail Red Deer traiteront tous les aspects du processus de location. Nous fournirons \u00e0 votre entreprise des prix pr\u00e9f\u00e9rentiels et des conditions de paiement pour offrir \u00e0 vos clients. Nous prenons en charge toutes les enqu\u00eates de cr\u00e9dit, les approbations et toutes les formalit\u00e9s n\u00e9cessaires qui vous permettent de [&hellip;]<\/p>\n","protected":false},"author":1,"featured_media":1804,"parent":0,"menu_order":0,"comment_status":"closed","ping_status":"closed","template":"","meta":[],"yoast_head":"<!-- This site is optimized with the Yoast SEO plugin v17.1 - https:\/\/yoast.com\/wordpress\/plugins\/seo\/ -->\n<meta name=\"robots\" content=\"index, follow, max-snippet:-1, max-image-preview:large, max-video-preview:-1\" \/>\n<link rel=\"canonical\" href=\"http:\/\/master.leasing.dlcserver.com\/fr\/location-de-programmes-de-vente\/\" \/>\n<meta property=\"og:locale\" content=\"fr_FR\" \/>\n<meta property=\"og:type\" content=\"article\" \/>\n<meta property=\"og:title\" content=\"Location de programmes de vente - Dominion Lending Centres\" \/>\n<meta property=\"og:description\" content=\"Assistance aux fournisseurs Vos professionnels du cr\u00e9dit-bail Red Deer traiteront tous les aspects du processus de location. Nous fournirons \u00e0 votre entreprise des prix pr\u00e9f\u00e9rentiels et des conditions de paiement pour offrir \u00e0 vos clients. Nous prenons en charge toutes les enqu\u00eates de cr\u00e9dit, les approbations et toutes les formalit\u00e9s n\u00e9cessaires qui vous permettent de [&hellip;]\" \/>\n<meta property=\"og:url\" content=\"http:\/\/master.leasing.dlcserver.com\/fr\/location-de-programmes-de-vente\/\" \/>\n<meta property=\"og:site_name\" content=\"Dominion Lending Centres\" \/>\n<meta property=\"og:image\" content=\"https:\/\/master.leasing.dlcserver.com\/wp-content\/uploads\/2017\/06\/leasing-banner.jpg\" \/>\n\t<meta property=\"og:image:width\" content=\"2000\" \/>\n\t<meta property=\"og:image:height\" content=\"277\" \/>\n<meta name=\"twitter:card\" content=\"summary\" \/>\n<meta name=\"twitter:label1\" content=\"Dur\u00e9e de lecture est.\" \/>\n\t<meta name=\"twitter:data1\" content=\"3 minutes\" \/>\n<script type=\"application\/ld+json\" class=\"yoast-schema-graph\">{\"@context\":\"https:\/\/schema.org\",\"@graph\":[{\"@type\":\"Organization\",\"@id\":\"http:\/\/master.leasing.dlcserver.com\/#organization\",\"name\":\"Centres Hypoth\\u00e9caires Dominion\",\"url\":\"http:\/\/master.leasing.dlcserver.com\/\",\"sameAs\":[],\"logo\":{\"@type\":\"ImageObject\",\"@id\":\"http:\/\/master.leasing.dlcserver.com\/#logo\",\"inLanguage\":\"fr-FR\",\"url\":\"http:\/\/master.leasing.dlcserver.com\/wp-content\/uploads\/2017\/01\/vector_DLC1.jpg\",\"contentUrl\":\"http:\/\/master.leasing.dlcserver.com\/wp-content\/uploads\/2017\/01\/vector_DLC1.jpg\",\"width\":369,\"height\":173,\"caption\":\"Centres Hypoth\\u00e9caires Dominion\"},\"image\":{\"@id\":\"http:\/\/master.leasing.dlcserver.com\/#logo\"}},{\"@type\":\"WebSite\",\"@id\":\"http:\/\/master.leasing.dlcserver.com\/#website\",\"url\":\"http:\/\/master.leasing.dlcserver.com\/\",\"name\":\"Dominion Lending Centres\",\"description\":\"Broker Website\",\"publisher\":{\"@id\":\"http:\/\/master.leasing.dlcserver.com\/#organization\"},\"potentialAction\":[{\"@type\":\"SearchAction\",\"target\":{\"@type\":\"EntryPoint\",\"urlTemplate\":\"http:\/\/master.leasing.dlcserver.com\/?s={search_term_string}\"},\"query-input\":\"required name=search_term_string\"}],\"inLanguage\":\"fr-FR\"},{\"@type\":\"ImageObject\",\"@id\":\"http:\/\/master.leasing.dlcserver.com\/fr\/location-de-programmes-de-vente\/#primaryimage\",\"inLanguage\":\"fr-FR\",\"url\":\"http:\/\/master.leasing.dlcserver.com\/wp-content\/uploads\/2017\/06\/leasing-banner.jpg\",\"contentUrl\":\"http:\/\/master.leasing.dlcserver.com\/wp-content\/uploads\/2017\/06\/leasing-banner.jpg\",\"width\":2000,\"height\":277},{\"@type\":\"WebPage\",\"@id\":\"http:\/\/master.leasing.dlcserver.com\/fr\/location-de-programmes-de-vente\/#webpage\",\"url\":\"http:\/\/master.leasing.dlcserver.com\/fr\/location-de-programmes-de-vente\/\",\"name\":\"Location de programmes de vente - Dominion Lending Centres\",\"isPartOf\":{\"@id\":\"http:\/\/master.leasing.dlcserver.com\/#website\"},\"primaryImageOfPage\":{\"@id\":\"http:\/\/master.leasing.dlcserver.com\/fr\/location-de-programmes-de-vente\/#primaryimage\"},\"datePublished\":\"2017-06-28T23:25:33+00:00\",\"dateModified\":\"2017-06-28T23:25:33+00:00\",\"breadcrumb\":{\"@id\":\"http:\/\/master.leasing.dlcserver.com\/fr\/location-de-programmes-de-vente\/#breadcrumb\"},\"inLanguage\":\"fr-FR\",\"potentialAction\":[{\"@type\":\"ReadAction\",\"target\":[\"http:\/\/master.leasing.dlcserver.com\/fr\/location-de-programmes-de-vente\/\"]}]},{\"@type\":\"BreadcrumbList\",\"@id\":\"http:\/\/master.leasing.dlcserver.com\/fr\/location-de-programmes-de-vente\/#breadcrumb\",\"itemListElement\":[{\"@type\":\"ListItem\",\"position\":1,\"name\":\"Home\",\"item\":\"http:\/\/master.leasing.dlcserver.com\/fr\/\"},{\"@type\":\"ListItem\",\"position\":2,\"name\":\"Location de programmes de vente\"}]}]}<\/script>\n<!-- \/ Yoast SEO plugin. -->","yoast_head_json":{"robots":{"index":"index","follow":"follow","max-snippet":"max-snippet:-1","max-image-preview":"max-image-preview:large","max-video-preview":"max-video-preview:-1"},"canonical":"http:\/\/master.leasing.dlcserver.com\/fr\/location-de-programmes-de-vente\/","og_locale":"fr_FR","og_type":"article","og_title":"Location de programmes de vente - Dominion Lending Centres","og_description":"Assistance aux fournisseurs Vos professionnels du cr\u00e9dit-bail Red Deer traiteront tous les aspects du processus de location. Nous fournirons \u00e0 votre entreprise des prix pr\u00e9f\u00e9rentiels et des conditions de paiement pour offrir \u00e0 vos clients. Nous prenons en charge toutes les enqu\u00eates de cr\u00e9dit, les approbations et toutes les formalit\u00e9s n\u00e9cessaires qui vous permettent de [&hellip;]","og_url":"http:\/\/master.leasing.dlcserver.com\/fr\/location-de-programmes-de-vente\/","og_site_name":"Dominion Lending Centres","og_image":[{"width":2000,"height":277,"url":"https:\/\/master.leasing.dlcserver.com\/wp-content\/uploads\/2017\/06\/leasing-banner.jpg","path":"\/var\/www\/sites\/wps\/sites\/code\/wp-content\/uploads\/2017\/06\/leasing-banner.jpg","size":"full","id":1804,"alt":"","pixels":554000,"type":"image\/jpeg"}],"twitter_card":"summary","twitter_misc":{"Dur\u00e9e de lecture est.":"3 minutes"},"schema":{"@context":"https:\/\/schema.org","@graph":[{"@type":"Organization","@id":"http:\/\/master.leasing.dlcserver.com\/#organization","name":"Centres Hypoth\u00e9caires Dominion","url":"http:\/\/master.leasing.dlcserver.com\/","sameAs":[],"logo":{"@type":"ImageObject","@id":"http:\/\/master.leasing.dlcserver.com\/#logo","inLanguage":"fr-FR","url":"http:\/\/master.leasing.dlcserver.com\/wp-content\/uploads\/2017\/01\/vector_DLC1.jpg","contentUrl":"http:\/\/master.leasing.dlcserver.com\/wp-content\/uploads\/2017\/01\/vector_DLC1.jpg","width":369,"height":173,"caption":"Centres Hypoth\u00e9caires Dominion"},"image":{"@id":"http:\/\/master.leasing.dlcserver.com\/#logo"}},{"@type":"WebSite","@id":"http:\/\/master.leasing.dlcserver.com\/#website","url":"http:\/\/master.leasing.dlcserver.com\/","name":"Dominion Lending Centres","description":"Broker Website","publisher":{"@id":"http:\/\/master.leasing.dlcserver.com\/#organization"},"potentialAction":[{"@type":"SearchAction","target":{"@type":"EntryPoint","urlTemplate":"http:\/\/master.leasing.dlcserver.com\/?s={search_term_string}"},"query-input":"required name=search_term_string"}],"inLanguage":"fr-FR"},{"@type":"ImageObject","@id":"http:\/\/master.leasing.dlcserver.com\/fr\/location-de-programmes-de-vente\/#primaryimage","inLanguage":"fr-FR","url":"http:\/\/master.leasing.dlcserver.com\/wp-content\/uploads\/2017\/06\/leasing-banner.jpg","contentUrl":"http:\/\/master.leasing.dlcserver.com\/wp-content\/uploads\/2017\/06\/leasing-banner.jpg","width":2000,"height":277},{"@type":"WebPage","@id":"http:\/\/master.leasing.dlcserver.com\/fr\/location-de-programmes-de-vente\/#webpage","url":"http:\/\/master.leasing.dlcserver.com\/fr\/location-de-programmes-de-vente\/","name":"Location de programmes de vente - Dominion Lending Centres","isPartOf":{"@id":"http:\/\/master.leasing.dlcserver.com\/#website"},"primaryImageOfPage":{"@id":"http:\/\/master.leasing.dlcserver.com\/fr\/location-de-programmes-de-vente\/#primaryimage"},"datePublished":"2017-06-28T23:25:33+00:00","dateModified":"2017-06-28T23:25:33+00:00","breadcrumb":{"@id":"http:\/\/master.leasing.dlcserver.com\/fr\/location-de-programmes-de-vente\/#breadcrumb"},"inLanguage":"fr-FR","potentialAction":[{"@type":"ReadAction","target":["http:\/\/master.leasing.dlcserver.com\/fr\/location-de-programmes-de-vente\/"]}]},{"@type":"BreadcrumbList","@id":"http:\/\/master.leasing.dlcserver.com\/fr\/location-de-programmes-de-vente\/#breadcrumb","itemListElement":[{"@type":"ListItem","position":1,"name":"Home","item":"http:\/\/master.leasing.dlcserver.com\/fr\/"},{"@type":"ListItem","position":2,"name":"Location de programmes de vente"}]}]}},"_links":{"self":[{"href":"http:\/\/master.leasing.dlcserver.com\/fr\/wp-json\/wp\/v2\/pages\/1780"}],"collection":[{"href":"http:\/\/master.leasing.dlcserver.com\/fr\/wp-json\/wp\/v2\/pages"}],"about":[{"href":"http:\/\/master.leasing.dlcserver.com\/fr\/wp-json\/wp\/v2\/types\/page"}],"author":[{"embeddable":true,"href":"http:\/\/master.leasing.dlcserver.com\/fr\/wp-json\/wp\/v2\/users\/1"}],"replies":[{"embeddable":true,"href":"http:\/\/master.leasing.dlcserver.com\/fr\/wp-json\/wp\/v2\/comments?post=1780"}],"version-history":[{"count":1,"href":"http:\/\/master.leasing.dlcserver.com\/fr\/wp-json\/wp\/v2\/pages\/1780\/revisions"}],"predecessor-version":[{"id":1781,"href":"http:\/\/master.leasing.dlcserver.com\/fr\/wp-json\/wp\/v2\/pages\/1780\/revisions\/1781"}],"wp:featuredmedia":[{"embeddable":true,"href":"http:\/\/master.leasing.dlcserver.com\/fr\/wp-json\/wp\/v2\/media\/1804"}],"wp:attachment":[{"href":"http:\/\/master.leasing.dlcserver.com\/fr\/wp-json\/wp\/v2\/media?parent=1780"}],"curies":[{"name":"wp","href":"https:\/\/api.w.org\/{rel}","templated":true}]}}