{"id":1782,"date":"2017-06-28T20:57:55","date_gmt":"2017-06-28T23:27:55","guid":{"rendered":"http:\/\/master.leasing.dlcserver.com\/fr\/?page_id=1782"},"modified":"2017-06-28T20:57:55","modified_gmt":"2017-06-28T23:27:55","slug":"programme-davancement-marchande","status":"publish","type":"page","link":"http:\/\/master.leasing.dlcserver.com\/fr\/programme-davancement-marchande\/","title":{"rendered":"Programme d&rsquo;avancement marchande"},"content":{"rendered":"<p><strong> FAST <\/strong> et <strong> EASY <\/strong> pour postuler<\/p>\n<p>PAS de frais de cl\u00f4ture<br \/>\nPAS de paiements fixes &#8211; il est bas\u00e9 sur les volumes de vente des cartes de cr\u00e9dit \/ d\u00e9bit<br \/>\nAucun \u00e9tat financier requis<br \/>\nPAS de garanties requises<br \/>\n\u00a0<\/p>\n<h2> Profitez d&rsquo;une avance en esp\u00e8ces du marchand <\/h2>\n<p>\u00c0 l&rsquo;aide de l&rsquo;avance de tr\u00e9sorerie marchande du Dominion Tending Centers, vous pouvez r\u00e9pondre \u00e0 une vari\u00e9t\u00e9 d&rsquo;exigences commerciales ou l&rsquo;utiliser pour des raisons personnelles telles que le remboursement de votre hypoth\u00e8que ou la cotisation aux REER. Il n&rsquo;y a aucune limite quant \u00e0 la fa\u00e7on dont vous d\u00e9pensez votre avance de tr\u00e9sorerie marchande &#8211; utilisez les fonds comme bon vous semble. <\/li>\n<ol>\n<li> Achat d&rsquo;inventaire. Les liquidit\u00e9s disponibles vous permettent de profiter des offres sp\u00e9ciales ou des opportunit\u00e9s inattendues lorsqu&rsquo;elles surviennent. Pouvez-vous n\u00e9gocier avec vos fournisseurs pour obtenir une r\u00e9duction de 5% ou 10% lors du paiement en esp\u00e8ces? Dans l&rsquo;affirmative, vous devriez envisager un DLC Merchant Advance. <\/li>\n<li> D\u00e9penses en capital de croissance. Utilisez les fonds pour la r\u00e9novation, les achats d&rsquo;\u00e9quipement, la publicit\u00e9 ou les acquisitions d&rsquo;entreprises. <\/li>\n<li> R\u00e9duction de la dette. L&rsquo;argent peut \u00eatre utilis\u00e9 pour couvrir les besoins de tr\u00e9sorerie d&rsquo;urgence tels que les paiements d&rsquo;imp\u00f4ts ou d&rsquo;autres obligations. <\/li>\n<li> Acompte sur l&rsquo;achat d&rsquo;un bureau d&rsquo;affaires. Voulez-vous poss\u00e9der votre propre propri\u00e9t\u00e9 commerciale <strong> dans Red Deer <\/strong> mais vous trouvez que la mise en place de l&rsquo;acompte est un d\u00e9fi? Ce pourrait \u00eatre une excellente fa\u00e7on d&rsquo;aider \u00e0 le faire se produire. <\/li>\n<li> Remplir vos REER. Il est souvent difficile de mettre de l&rsquo;argent pour un REER. Mais en apportant une contribution forfaitaire de, par exemple, 30 000 $ d&rsquo;un DLC Merchant Advance, vous auriez 30 000 $ dans un REER et jusqu&rsquo;\u00e0 12 000 $ + d\u00e9claration de revenus ou r\u00e9duction d&rsquo;imp\u00f4t (v\u00e9rifiez aupr\u00e8s de votre comptable votre situation sp\u00e9cifique pour confirmer comment cela pourrait avoir un impact toi). \u00c9tant donn\u00e9 que de nombreux propri\u00e9taires d&rsquo;entreprises ont d\u00e9j\u00e0 un pr\u00eat aux actionnaires, cela devrait avoir des r\u00e9percussions fiscales limit\u00e9es (encore une fois, il est important de v\u00e9rifier aupr\u00e8s de votre comptable votre situation sp\u00e9cifique). <\/li>\n<li> Paiement hypoth\u00e9caire forfaitaire. Si vous avez des privil\u00e8ges de pr\u00e9paiement ou si votre pr\u00eat hypoth\u00e9caire est actuellement ouvert, un DLC Merchant Advance est un excellent moyen d&rsquo;obtenir un gros chuck de capital lib\u00e9r\u00e9 qui pourrait vous aider \u00e0 \u00e9conomiser des milliers d&rsquo;int\u00e9r\u00eats et des ann\u00e9es d&rsquo;amortissement. R\u00e9p\u00e9tez-le l&rsquo;ann\u00e9e prochaine et faites rembourser votre bien immobilier avant votre \u00e9ch\u00e9ance. <\/li>\n<li> r\u00e9novations \u00e0 la maison. Obtenez tous ces renos rapidement en obtenant une somme forfaitaire qui pourrait \u00e9ventuellement vous faire \u00e9conomiser de l&rsquo;argent et un temps personnel important dans la gestion de ces projets. <\/li>\n<\/ol>\n<p>Nous comptons en moyenne le volume mensuel des op\u00e9rations de carte de cr\u00e9dit et de d\u00e9bit que votre entreprise re\u00e7oit et peut fournir un financement \u00e9gal \u00e0 environ 1 \u00e0 1,5 fois la vente de cartes d&rsquo;un mois. Une petite retenue \u00e0 la source d\u00e9clenche chaque transaction de d\u00e9bit \/ cr\u00e9dit future (c.-\u00e0-d., 10%) pour rembourser l&rsquo;avance au cours de l&rsquo;ann\u00e9e prochaine &#8211; prot\u00e9g\u00e9 contre vos ventes futures plut\u00f4t que par des moyens classiques tels que les biens. Un compte sans rapport, un DLC Merchant Advance a g\u00e9n\u00e9ralement peu ou pas d&rsquo;effet sur votre capacit\u00e9 d&#8217;emprunt. Si vous avez quelques mois lents, vous payez moins. Si les ventes sont plus \u00e9lev\u00e9es, elles sont pay\u00e9es plus rapidement.<\/p>\n<p>Pour \u00eatre admissible \u00e0 une avance commerciale <strong> Dominion Prending Centers <\/strong>, vous devez \u00eatre en activit\u00e9 pendant au moins un an et, en moyenne, un minimum de 3 000 $ par mois dans les op\u00e9rations de d\u00e9bit et de carte de cr\u00e9dit. M\u00eame si votre pointage de cr\u00e9dit est assez bas, nous pouvons g\u00e9n\u00e9ralement obtenir votre demande approuv\u00e9e. Il s&rsquo;agit plus de ventes historiques que de votre cr\u00e9dit.<\/p>\n<p>Comme toujours, je suis l\u00e0 pour vous aider, alors merci d&rsquo;envoyer un courriel ou appelez-moi pour postuler ou pour plus d&rsquo;informations. Nous disposons d&rsquo;une vari\u00e9t\u00e9 d&rsquo;outils financiers pour vous aider \u00e0 atteindre vos objectifs.<\/p>\n<p>Besoin de plus d&rsquo;informations concernant le programme d&rsquo;avancement commercial pour votre entreprise, contactez votre <strong> professionnel de cr\u00e9dit Red Deer. <\/strong><\/p>\n","protected":false},"excerpt":{"rendered":"<p>FAST et EASY pour postuler PAS de frais de cl\u00f4ture PAS de paiements fixes &#8211; il est bas\u00e9 sur les volumes de vente des cartes de cr\u00e9dit \/ d\u00e9bit Aucun \u00e9tat financier requis PAS de garanties requises \u00a0 Profitez d&rsquo;une avance en esp\u00e8ces du marchand \u00c0 l&rsquo;aide de l&rsquo;avance de tr\u00e9sorerie marchande du Dominion Tending [&hellip;]<\/p>\n","protected":false},"author":1,"featured_media":1804,"parent":0,"menu_order":0,"comment_status":"closed","ping_status":"closed","template":"","meta":[],"yoast_head":"<!-- This site is optimized with the Yoast SEO plugin v17.1 - https:\/\/yoast.com\/wordpress\/plugins\/seo\/ -->\n<meta name=\"robots\" content=\"index, follow, max-snippet:-1, max-image-preview:large, max-video-preview:-1\" \/>\n<link rel=\"canonical\" href=\"http:\/\/master.leasing.dlcserver.com\/fr\/programme-davancement-marchande\/\" \/>\n<meta property=\"og:locale\" content=\"fr_FR\" \/>\n<meta property=\"og:type\" content=\"article\" \/>\n<meta property=\"og:title\" content=\"Programme d&#039;avancement marchande - Dominion Lending Centres\" \/>\n<meta property=\"og:description\" content=\"FAST et EASY pour postuler PAS de frais de cl\u00f4ture PAS de paiements fixes &#8211; il est bas\u00e9 sur les volumes de vente des cartes de cr\u00e9dit \/ d\u00e9bit Aucun \u00e9tat financier requis PAS de garanties requises \u00a0 Profitez d&rsquo;une avance en esp\u00e8ces du marchand \u00c0 l&rsquo;aide de l&rsquo;avance de tr\u00e9sorerie marchande du Dominion Tending [&hellip;]\" \/>\n<meta property=\"og:url\" content=\"http:\/\/master.leasing.dlcserver.com\/fr\/programme-davancement-marchande\/\" \/>\n<meta property=\"og:site_name\" content=\"Dominion Lending Centres\" \/>\n<meta property=\"og:image\" content=\"https:\/\/master.leasing.dlcserver.com\/wp-content\/uploads\/2017\/06\/leasing-banner.jpg\" \/>\n\t<meta property=\"og:image:width\" content=\"2000\" \/>\n\t<meta property=\"og:image:height\" content=\"277\" \/>\n<meta name=\"twitter:card\" content=\"summary\" \/>\n<meta name=\"twitter:label1\" content=\"Dur\u00e9e de lecture est.\" \/>\n\t<meta name=\"twitter:data1\" content=\"4 minutes\" \/>\n<script type=\"application\/ld+json\" class=\"yoast-schema-graph\">{\"@context\":\"https:\/\/schema.org\",\"@graph\":[{\"@type\":\"Organization\",\"@id\":\"http:\/\/master.leasing.dlcserver.com\/#organization\",\"name\":\"Centres Hypoth\\u00e9caires Dominion\",\"url\":\"http:\/\/master.leasing.dlcserver.com\/\",\"sameAs\":[],\"logo\":{\"@type\":\"ImageObject\",\"@id\":\"http:\/\/master.leasing.dlcserver.com\/#logo\",\"inLanguage\":\"fr-FR\",\"url\":\"http:\/\/master.leasing.dlcserver.com\/wp-content\/uploads\/2017\/01\/vector_DLC1.jpg\",\"contentUrl\":\"http:\/\/master.leasing.dlcserver.com\/wp-content\/uploads\/2017\/01\/vector_DLC1.jpg\",\"width\":369,\"height\":173,\"caption\":\"Centres Hypoth\\u00e9caires Dominion\"},\"image\":{\"@id\":\"http:\/\/master.leasing.dlcserver.com\/#logo\"}},{\"@type\":\"WebSite\",\"@id\":\"http:\/\/master.leasing.dlcserver.com\/#website\",\"url\":\"http:\/\/master.leasing.dlcserver.com\/\",\"name\":\"Dominion Lending Centres\",\"description\":\"Broker Website\",\"publisher\":{\"@id\":\"http:\/\/master.leasing.dlcserver.com\/#organization\"},\"potentialAction\":[{\"@type\":\"SearchAction\",\"target\":{\"@type\":\"EntryPoint\",\"urlTemplate\":\"http:\/\/master.leasing.dlcserver.com\/?s={search_term_string}\"},\"query-input\":\"required name=search_term_string\"}],\"inLanguage\":\"fr-FR\"},{\"@type\":\"ImageObject\",\"@id\":\"http:\/\/master.leasing.dlcserver.com\/fr\/programme-davancement-marchande\/#primaryimage\",\"inLanguage\":\"fr-FR\",\"url\":\"http:\/\/master.leasing.dlcserver.com\/wp-content\/uploads\/2017\/06\/leasing-banner.jpg\",\"contentUrl\":\"http:\/\/master.leasing.dlcserver.com\/wp-content\/uploads\/2017\/06\/leasing-banner.jpg\",\"width\":2000,\"height\":277},{\"@type\":\"WebPage\",\"@id\":\"http:\/\/master.leasing.dlcserver.com\/fr\/programme-davancement-marchande\/#webpage\",\"url\":\"http:\/\/master.leasing.dlcserver.com\/fr\/programme-davancement-marchande\/\",\"name\":\"Programme d'avancement marchande - Dominion Lending Centres\",\"isPartOf\":{\"@id\":\"http:\/\/master.leasing.dlcserver.com\/#website\"},\"primaryImageOfPage\":{\"@id\":\"http:\/\/master.leasing.dlcserver.com\/fr\/programme-davancement-marchande\/#primaryimage\"},\"datePublished\":\"2017-06-28T23:27:55+00:00\",\"dateModified\":\"2017-06-28T23:27:55+00:00\",\"breadcrumb\":{\"@id\":\"http:\/\/master.leasing.dlcserver.com\/fr\/programme-davancement-marchande\/#breadcrumb\"},\"inLanguage\":\"fr-FR\",\"potentialAction\":[{\"@type\":\"ReadAction\",\"target\":[\"http:\/\/master.leasing.dlcserver.com\/fr\/programme-davancement-marchande\/\"]}]},{\"@type\":\"BreadcrumbList\",\"@id\":\"http:\/\/master.leasing.dlcserver.com\/fr\/programme-davancement-marchande\/#breadcrumb\",\"itemListElement\":[{\"@type\":\"ListItem\",\"position\":1,\"name\":\"Home\",\"item\":\"http:\/\/master.leasing.dlcserver.com\/fr\/\"},{\"@type\":\"ListItem\",\"position\":2,\"name\":\"Programme d&rsquo;avancement marchande\"}]}]}<\/script>\n<!-- \/ Yoast SEO plugin. -->","yoast_head_json":{"robots":{"index":"index","follow":"follow","max-snippet":"max-snippet:-1","max-image-preview":"max-image-preview:large","max-video-preview":"max-video-preview:-1"},"canonical":"http:\/\/master.leasing.dlcserver.com\/fr\/programme-davancement-marchande\/","og_locale":"fr_FR","og_type":"article","og_title":"Programme d'avancement marchande - Dominion Lending Centres","og_description":"FAST et EASY pour postuler PAS de frais de cl\u00f4ture PAS de paiements fixes &#8211; il est bas\u00e9 sur les volumes de vente des cartes de cr\u00e9dit \/ d\u00e9bit Aucun \u00e9tat financier requis PAS de garanties requises \u00a0 Profitez d&rsquo;une avance en esp\u00e8ces du marchand \u00c0 l&rsquo;aide de l&rsquo;avance de tr\u00e9sorerie marchande du Dominion Tending [&hellip;]","og_url":"http:\/\/master.leasing.dlcserver.com\/fr\/programme-davancement-marchande\/","og_site_name":"Dominion Lending Centres","og_image":[{"width":2000,"height":277,"url":"https:\/\/master.leasing.dlcserver.com\/wp-content\/uploads\/2017\/06\/leasing-banner.jpg","path":"\/var\/www\/sites\/wps\/sites\/code\/wp-content\/uploads\/2017\/06\/leasing-banner.jpg","size":"full","id":1804,"alt":"","pixels":554000,"type":"image\/jpeg"}],"twitter_card":"summary","twitter_misc":{"Dur\u00e9e de lecture est.":"4 minutes"},"schema":{"@context":"https:\/\/schema.org","@graph":[{"@type":"Organization","@id":"http:\/\/master.leasing.dlcserver.com\/#organization","name":"Centres Hypoth\u00e9caires Dominion","url":"http:\/\/master.leasing.dlcserver.com\/","sameAs":[],"logo":{"@type":"ImageObject","@id":"http:\/\/master.leasing.dlcserver.com\/#logo","inLanguage":"fr-FR","url":"http:\/\/master.leasing.dlcserver.com\/wp-content\/uploads\/2017\/01\/vector_DLC1.jpg","contentUrl":"http:\/\/master.leasing.dlcserver.com\/wp-content\/uploads\/2017\/01\/vector_DLC1.jpg","width":369,"height":173,"caption":"Centres Hypoth\u00e9caires Dominion"},"image":{"@id":"http:\/\/master.leasing.dlcserver.com\/#logo"}},{"@type":"WebSite","@id":"http:\/\/master.leasing.dlcserver.com\/#website","url":"http:\/\/master.leasing.dlcserver.com\/","name":"Dominion Lending Centres","description":"Broker Website","publisher":{"@id":"http:\/\/master.leasing.dlcserver.com\/#organization"},"potentialAction":[{"@type":"SearchAction","target":{"@type":"EntryPoint","urlTemplate":"http:\/\/master.leasing.dlcserver.com\/?s={search_term_string}"},"query-input":"required name=search_term_string"}],"inLanguage":"fr-FR"},{"@type":"ImageObject","@id":"http:\/\/master.leasing.dlcserver.com\/fr\/programme-davancement-marchande\/#primaryimage","inLanguage":"fr-FR","url":"http:\/\/master.leasing.dlcserver.com\/wp-content\/uploads\/2017\/06\/leasing-banner.jpg","contentUrl":"http:\/\/master.leasing.dlcserver.com\/wp-content\/uploads\/2017\/06\/leasing-banner.jpg","width":2000,"height":277},{"@type":"WebPage","@id":"http:\/\/master.leasing.dlcserver.com\/fr\/programme-davancement-marchande\/#webpage","url":"http:\/\/master.leasing.dlcserver.com\/fr\/programme-davancement-marchande\/","name":"Programme d'avancement marchande - Dominion Lending Centres","isPartOf":{"@id":"http:\/\/master.leasing.dlcserver.com\/#website"},"primaryImageOfPage":{"@id":"http:\/\/master.leasing.dlcserver.com\/fr\/programme-davancement-marchande\/#primaryimage"},"datePublished":"2017-06-28T23:27:55+00:00","dateModified":"2017-06-28T23:27:55+00:00","breadcrumb":{"@id":"http:\/\/master.leasing.dlcserver.com\/fr\/programme-davancement-marchande\/#breadcrumb"},"inLanguage":"fr-FR","potentialAction":[{"@type":"ReadAction","target":["http:\/\/master.leasing.dlcserver.com\/fr\/programme-davancement-marchande\/"]}]},{"@type":"BreadcrumbList","@id":"http:\/\/master.leasing.dlcserver.com\/fr\/programme-davancement-marchande\/#breadcrumb","itemListElement":[{"@type":"ListItem","position":1,"name":"Home","item":"http:\/\/master.leasing.dlcserver.com\/fr\/"},{"@type":"ListItem","position":2,"name":"Programme d&rsquo;avancement marchande"}]}]}},"_links":{"self":[{"href":"http:\/\/master.leasing.dlcserver.com\/fr\/wp-json\/wp\/v2\/pages\/1782"}],"collection":[{"href":"http:\/\/master.leasing.dlcserver.com\/fr\/wp-json\/wp\/v2\/pages"}],"about":[{"href":"http:\/\/master.leasing.dlcserver.com\/fr\/wp-json\/wp\/v2\/types\/page"}],"author":[{"embeddable":true,"href":"http:\/\/master.leasing.dlcserver.com\/fr\/wp-json\/wp\/v2\/users\/1"}],"replies":[{"embeddable":true,"href":"http:\/\/master.leasing.dlcserver.com\/fr\/wp-json\/wp\/v2\/comments?post=1782"}],"version-history":[{"count":1,"href":"http:\/\/master.leasing.dlcserver.com\/fr\/wp-json\/wp\/v2\/pages\/1782\/revisions"}],"predecessor-version":[{"id":1783,"href":"http:\/\/master.leasing.dlcserver.com\/fr\/wp-json\/wp\/v2\/pages\/1782\/revisions\/1783"}],"wp:featuredmedia":[{"embeddable":true,"href":"http:\/\/master.leasing.dlcserver.com\/fr\/wp-json\/wp\/v2\/media\/1804"}],"wp:attachment":[{"href":"http:\/\/master.leasing.dlcserver.com\/fr\/wp-json\/wp\/v2\/media?parent=1782"}],"curies":[{"name":"wp","href":"https:\/\/api.w.org\/{rel}","templated":true}]}}